{"id":2256,"date":"2024-05-10T22:51:01","date_gmt":"2024-05-10T22:51:01","guid":{"rendered":"https:\/\/root-production.de\/?page_id=2256"},"modified":"2025-11-13T17:14:53","modified_gmt":"2025-11-13T16:14:53","slug":"goldschmiede","status":"publish","type":"page","link":"https:\/\/root-production.de\/en\/goldschmiede\/","title":{"rendered":"Goldsmiths"},"content":{"rendered":"<div data-elementor-type=\"wp-page\" data-elementor-id=\"2256\" class=\"elementor elementor-2256\" data-elementor-post-type=\"page\">\n\t\t\t\t<div class=\"elementor-element elementor-element-6eac673 e-flex e-con-boxed e-con e-parent\" data-id=\"6eac673\" data-element_type=\"container\">\n\t\t\t\t\t<div class=\"e-con-inner\">\n\t\t<div class=\"elementor-element elementor-element-a2cc134 e-con-full e-flex e-con e-child\" data-id=\"a2cc134\" data-element_type=\"container\">\n\t\t\t\t<div class=\"elementor-element elementor-element-464d042 elementor-widget elementor-widget-text-editor\" data-id=\"464d042\" data-element_type=\"widget\" data-settings=\"{&quot;htmega_fe&quot;:&quot;no&quot;}\" data-widget_type=\"text-editor.default\">\n\t\t\t\t<div class=\"elementor-widget-container\">\n\t\t\t\t\t\t\t\t\t<h2 style=\"text-align: center;\">Traditional craftsmanship in perfection: your goldsmiths for high-quality B2B partnerships<\/h2>\t\t\t\t\t\t\t\t<\/div>\n\t\t\t\t<\/div>\n\t\t\t\t<\/div>\n\t\t\t\t\t<\/div>\n\t\t\t\t<\/div>\n\t\t<div class=\"elementor-element elementor-element-2c39e6b e-flex e-con-boxed e-con e-parent\" data-id=\"2c39e6b\" data-element_type=\"container\">\n\t\t\t\t\t<div class=\"e-con-inner\">\n\t\t<div class=\"elementor-element elementor-element-f037a24 e-con-full e-flex e-con e-child\" data-id=\"f037a24\" data-element_type=\"container\">\n\t\t\t\t<div class=\"elementor-element elementor-element-0275d71 elementor-widget elementor-widget-image\" data-id=\"0275d71\" data-element_type=\"widget\" data-settings=\"{&quot;htmega_fe&quot;:&quot;no&quot;}\" data-widget_type=\"image.default\">\n\t\t\t\t<div class=\"elementor-widget-container\">\n\t\t\t\t\t\t\t\t\t\t\t\t\t\t\t<img fetchpriority=\"high\" decoding=\"async\" width=\"820\" height=\"1024\" src=\"https:\/\/root-production.de\/wp-content\/uploads\/2024\/06\/Goldschmiede4-820x1024.jpeg\" class=\"attachment-large size-large wp-image-2905\" alt=\"\" srcset=\"https:\/\/root-production.de\/wp-content\/uploads\/2024\/06\/Goldschmiede4-820x1024.jpeg 820w, https:\/\/root-production.de\/wp-content\/uploads\/2024\/06\/Goldschmiede4-240x300.jpeg 240w, https:\/\/root-production.de\/wp-content\/uploads\/2024\/06\/Goldschmiede4-768x959.jpeg 768w, https:\/\/root-production.de\/wp-content\/uploads\/2024\/06\/Goldschmiede4-1230x1536.jpeg 1230w, https:\/\/root-production.de\/wp-content\/uploads\/2024\/06\/Goldschmiede4-1640x2048.jpeg 1640w\" sizes=\"(max-width: 820px) 100vw, 820px\" \/>\t\t\t\t\t\t\t\t\t\t\t\t\t\t\t<\/div>\n\t\t\t\t<\/div>\n\t\t\t\t<\/div>\n\t\t<div class=\"elementor-element elementor-element-9000189 e-con-full e-flex e-con e-child\" data-id=\"9000189\" data-element_type=\"container\">\n\t\t\t\t<div class=\"elementor-element elementor-element-6d56ddf elementor-widget elementor-widget-text-editor\" data-id=\"6d56ddf\" data-element_type=\"widget\" data-settings=\"{&quot;htmega_fe&quot;:&quot;no&quot;}\" data-widget_type=\"text-editor.default\">\n\t\t\t\t<div class=\"elementor-widget-container\">\n\t\t\t\t\t\t\t\t\t<p>Welcome to your goldsmith's, where traditional craftsmanship at the highest level<br \/>level for business customers. At a time when technology has a<br \/>has taken over the majority of modern jewelry production, we preserve the<br \/>The art and precision of traditional goldsmithing. Our expertise stands for<br \/>jewelers, designers, fashion brands and influencers who are looking for<br \/>unique manual work that machines cannot achieve.<\/p><div class=\"notranslate\">\u00a0<\/div>\t\t\t\t\t\t\t\t<\/div>\n\t\t\t\t<\/div>\n\t\t\t\t<div class=\"elementor-element elementor-element-9aeb5bd elementor-widget elementor-widget-text-editor\" data-id=\"9aeb5bd\" data-element_type=\"widget\" data-settings=\"{&quot;htmega_fe&quot;:&quot;no&quot;}\" data-widget_type=\"text-editor.default\">\n\t\t\t\t<div class=\"elementor-widget-container\">\n\t\t\t\t\t\t\t\t\t<p><strong>Our promise<\/strong><\/p><p>We are proud to be able to preserve the traditional craft of goldsmithing.<br \/>and pass it on. Our aim is to help business customers do this,<br \/>to create high-quality and unique pieces of jewelry that are not only aesthetically pleasing<br \/>attractive, but also of the highest quality and durability. With us<br \/>your brand identity and customer satisfaction take center stage. Every creation,<br \/>that leaves our workshop is a masterpiece created with attention to detail and<br \/>was manufactured with craftsmanship excellence.<\/p>\t\t\t\t\t\t\t\t<\/div>\n\t\t\t\t<\/div>\n\t\t\t\t<\/div>\n\t\t\t\t\t<\/div>\n\t\t\t\t<\/div>\n\t\t<div class=\"elementor-element elementor-element-19b3029 e-flex e-con-boxed e-con e-parent\" data-id=\"19b3029\" data-element_type=\"container\">\n\t\t\t\t\t<div class=\"e-con-inner\">\n\t\t<div class=\"elementor-element elementor-element-89954a0 e-con-full e-flex e-con e-child\" data-id=\"89954a0\" data-element_type=\"container\">\n\t\t\t\t<div class=\"elementor-element elementor-element-56d9a78 elementor-widget elementor-widget-text-editor\" data-id=\"56d9a78\" data-element_type=\"widget\" data-settings=\"{&quot;htmega_fe&quot;:&quot;no&quot;}\" data-widget_type=\"text-editor.default\">\n\t\t\t\t<div class=\"elementor-widget-container\">\n\t\t\t\t\t\t\t\t\t<p style=\"text-align: left;\"><strong>Become our partner<\/strong><\/p><p>Let yourself be enchanted by the magic of traditional goldsmithing and<br \/>benefit from our expertise. We look forward to turning your creative visions into<br \/>unique pieces of jewelry and jointly develop successful collections.<br \/>to create.<\/p>\t\t\t\t\t\t\t\t<\/div>\n\t\t\t\t<\/div>\n\t\t\t\t<div class=\"elementor-element elementor-element-66bf7fc elementor-widget elementor-widget-elementskit-accordion\" data-id=\"66bf7fc\" data-element_type=\"widget\" data-settings=\"{&quot;htmega_fe&quot;:&quot;no&quot;}\" data-widget_type=\"elementskit-accordion.default\">\n\t\t\t\t<div class=\"elementor-widget-container\">\n\t\t\t\t\t<div class=\"ekit-wid-con\" >\n        <div class=\"elementskit-accordion accoedion-primary\" id=\"accordion-69da771cd1378\">\n\n            \n                <div class=\"elementskit-card\">\n                    <div class=\"elementskit-card-header\" id=\"primaryHeading-0-66bf7fc\">\n                        <a href=\"#collapse-5e8899269da771cd1378\" class=\"ekit-accordion--toggler elementskit-btn-link collapsed\" data-ekit-toggle=\"collapse\" data-target=\"#Collapse-5e8899269da771cd1378\" aria-expanded=\"false\" aria-controls=\"Collapse-5e8899269da771cd1378\">\n                                                            <div class=\"ekit_accordion_icon_left_group\">\n                                    <div class=\"ekit_accordion_normal_icon\">\n                                        <!-- Normal Icon -->\n                                        <i class=\"icon icon-down-arrow1\"><\/i>                                    <\/div>\n\n                                    <div class=\"ekit_accordion_active_icon\">\n                                        <!-- Active Icon -->\n\t\t\t\t\t\t\t\t\t\t<i class=\"icon icon-up-arrow1\"><\/i>                                    <\/div>\n                                <\/div>\n\n                            \n                            <span class=\"ekit-accordion-title\">Why traditional craftsmanship?<\/span>\n\n                            \n                                                    <\/a>\n                    <\/div>\n\n                    <div id=\"Collapse-5e8899269da771cd1378\" class=\"collapse\" aria-labelledby=\"primaryHeading-0-66bf7fc\" data-parent=\"#accordion-69da771cd1378\">\n\n                        <div class=\"elementskit-card-body ekit-accordion--content\">\n                            <p>Although modern technology has made impressive progress, there are still<br \/>Situations in which only the skill and experience of a master craftsman<br \/>goldsmith can deliver the desired results. Here are some reasons why traditional craftsmanship is still irreplaceable:<\/p><ul><li><strong>Finest details and precision<\/strong>: Some designs and decorations require<br \/>the skillful hands of an experienced goldsmith. The ability to create the smallest<br \/>Processing details with the utmost precision is something that machines often<br \/>cannot achieve.<\/li><li><strong>Uniqueness and individuality<\/strong>: Each piece of jewelry made by hand<br \/>is one of a kind. We produce individual designs that are specially tailored to your<br \/>brand identity and collections.<\/li><li><strong>Sustainability and lasting value<\/strong>: Handmade jewelry is made with<br \/>manufactured with the utmost care and high-quality materials, resulting in a<br \/>exceptional longevity and value retention.<\/li><li><strong>Tradition and culture<\/strong>Our work is more than just jewelry making. You<br \/>is an expression of culture, tradition and history that can be found in every piece.<br \/>lives on.<\/li><\/ul>                        <\/div>\n\n                    <\/div>\n\n                <\/div><!-- .elementskit-card END -->\n\n                \n                <div class=\"elementskit-card\">\n                    <div class=\"elementskit-card-header\" id=\"primaryHeading-1-66bf7fc\">\n                        <a href=\"#collapse-59ba06d69da771cd1378\" class=\"ekit-accordion--toggler elementskit-btn-link collapsed\" data-ekit-toggle=\"collapse\" data-target=\"#Collapse-59ba06d69da771cd1378\" aria-expanded=\"false\" aria-controls=\"Collapse-59ba06d69da771cd1378\">\n                                                            <div class=\"ekit_accordion_icon_left_group\">\n                                    <div class=\"ekit_accordion_normal_icon\">\n                                        <!-- Normal Icon -->\n                                        <i class=\"icon icon-down-arrow1\"><\/i>                                    <\/div>\n\n                                    <div class=\"ekit_accordion_active_icon\">\n                                        <!-- Active Icon -->\n\t\t\t\t\t\t\t\t\t\t<i class=\"icon icon-up-arrow1\"><\/i>                                    <\/div>\n                                <\/div>\n\n                            \n                            <span class=\"ekit-accordion-title\">Our services for business customers<\/span>\n\n                            \n                                                    <\/a>\n                    <\/div>\n\n                    <div id=\"Collapse-59ba06d69da771cd1378\" class=\"collapse\" aria-labelledby=\"primaryHeading-1-66bf7fc\" data-parent=\"#accordion-69da771cd1378\">\n\n                        <div class=\"elementskit-card-body ekit-accordion--content\">\n                            <p>At our goldsmiths, we offer a wide range of services that reflect the best of traditional craftsmanship and are specially tailored to the needs of our business customers:<\/p><ol><li><strong>Exclusive collections<\/strong>: We develop and manufacture exclusive<br \/>Jewelry collections that are perfectly tailored to your brand and your customers.<\/li><li><strong>Prototypes and custom-made products<\/strong>: We create high-quality prototypes and custom-made products that reflect your creative visions and<br \/>Implement design requirements precisely.<\/li><li><strong>Restorations and adaptations<\/strong>Old or damaged pieces of jewelry are restored by us with the utmost care and precision and adapted to modern standards.<\/li><li><strong>Consulting and cooperation<\/strong>: We offer comprehensive advice and close<br \/>Collaboration throughout the design and manufacturing process to ensure that your ideas are perfectly realized.<\/li><\/ol>                        <\/div>\n\n                    <\/div>\n\n                <\/div><!-- .elementskit-card END -->\n\n                                        <\/div>\n    <\/div>\t\t\t\t<\/div>\n\t\t\t\t<\/div>\n\t\t\t\t<\/div>\n\t\t<div class=\"elementor-element elementor-element-75b299d e-con-full e-flex e-con e-child\" data-id=\"75b299d\" data-element_type=\"container\">\n\t\t\t\t<div class=\"elementor-element elementor-element-ff88bb2 elementor-widget elementor-widget-image\" data-id=\"ff88bb2\" data-element_type=\"widget\" data-settings=\"{&quot;htmega_fe&quot;:&quot;no&quot;}\" data-widget_type=\"image.default\">\n\t\t\t\t<div class=\"elementor-widget-container\">\n\t\t\t\t\t\t\t\t\t\t\t\t\t\t\t<img decoding=\"async\" width=\"769\" height=\"1024\" src=\"https:\/\/root-production.de\/wp-content\/uploads\/2024\/06\/Goldschmiede5-769x1024.jpeg\" class=\"attachment-large size-large wp-image-2906\" alt=\"\" srcset=\"https:\/\/root-production.de\/wp-content\/uploads\/2024\/06\/Goldschmiede5-769x1024.jpeg 769w, https:\/\/root-production.de\/wp-content\/uploads\/2024\/06\/Goldschmiede5-225x300.jpeg 225w, https:\/\/root-production.de\/wp-content\/uploads\/2024\/06\/Goldschmiede5-768x1023.jpeg 768w, https:\/\/root-production.de\/wp-content\/uploads\/2024\/06\/Goldschmiede5-1153x1536.jpeg 1153w, https:\/\/root-production.de\/wp-content\/uploads\/2024\/06\/Goldschmiede5-1537x2048.jpeg 1537w, https:\/\/root-production.de\/wp-content\/uploads\/2024\/06\/Goldschmiede5-scaled.jpeg 1921w\" sizes=\"(max-width: 769px) 100vw, 769px\" \/>\t\t\t\t\t\t\t\t\t\t\t\t\t\t\t<\/div>\n\t\t\t\t<\/div>\n\t\t\t\t<\/div>\n\t\t\t\t\t<\/div>\n\t\t\t\t<\/div>\n\t\t<div class=\"elementor-element elementor-element-15c96f4 e-flex e-con-boxed e-con e-parent\" data-id=\"15c96f4\" data-element_type=\"container\">\n\t\t\t\t\t<div class=\"e-con-inner\">\n\t\t<div class=\"elementor-element elementor-element-20a2d2b e-con-full e-flex e-con e-child\" data-id=\"20a2d2b\" data-element_type=\"container\">\n\t\t\t\t<\/div>\n\t\t<div class=\"elementor-element elementor-element-a33e908 e-con-full e-flex e-con e-child\" data-id=\"a33e908\" data-element_type=\"container\">\n\t\t\t\t<div class=\"elementor-element elementor-element-150400b elementor-widget elementor-widget-text-editor\" data-id=\"150400b\" data-element_type=\"widget\" data-settings=\"{&quot;htmega_fe&quot;:&quot;no&quot;}\" data-widget_type=\"text-editor.default\">\n\t\t\t\t<div class=\"elementor-widget-container\">\n\t\t\t\t\t\t\t\t\t<p><strong><a href=\"https:\/\/root-production.de\/en\/kontakt\/\">Contact us<\/a> Contact us today and discover the world of traditional<\/strong><br \/><strong>Goldsmith's art for your brand!<\/strong><\/p>\t\t\t\t\t\t\t\t<\/div>\n\t\t\t\t<\/div>\n\t\t\t\t<\/div>\n\t\t\t\t\t<\/div>\n\t\t\t\t<\/div>\n\t\t\t\t<\/div>","protected":false},"excerpt":{"rendered":"<p>Traditionelle Handwerkskunst in Perfektion: Ihre Goldschmiede f\u00fcr hochwertige B2B-Partnerschaften Willkommen bei Ihrer Goldschmiede, wo traditionelle Handwerkskunst auf h\u00f6chstemNiveau f\u00fcr Gesch\u00e4ftskunden zelebriert wird. In einer Zeit, in der Technologie einenGro\u00dfteil der modernen Schmuckherstellung \u00fcbernommen hat, bewahren wir dieKunst und Pr\u00e4zision der traditionellen Goldschmiedekunst. Unsere Expertise stehtJuwelieren, Designern, Modemarken und Influencern zur Verf\u00fcgung, die nacheinzigartiger Handarbeit suchen, [&hellip;]<\/p>","protected":false},"author":1,"featured_media":0,"parent":0,"menu_order":0,"comment_status":"closed","ping_status":"closed","template":"","meta":{"_monsterinsights_skip_tracking":false,"_monsterinsights_sitenote_active":false,"_monsterinsights_sitenote_note":"","_monsterinsights_sitenote_category":0,"site-sidebar-layout":"no-sidebar","site-content-layout":"page-builder","ast-site-content-layout":"full-width-container","site-content-style":"default","site-sidebar-style":"default","ast-global-header-display":"","ast-banner-title-visibility":"","ast-main-header-display":"","ast-hfb-above-header-display":"","ast-hfb-below-header-display":"","ast-hfb-mobile-header-display":"","site-post-title":"disabled","ast-breadcrumbs-content":"","ast-featured-img":"disabled","footer-sml-layout":"","theme-transparent-header-meta":"","adv-header-id-meta":"","stick-header-meta":"","header-above-stick-meta":"","header-main-stick-meta":"","header-below-stick-meta":"","astra-migrate-meta-layouts":"set","ast-page-background-enabled":"default","ast-page-background-meta":{"desktop":{"background-color":"var(--ast-global-color-4)","background-image":"","background-repeat":"repeat","background-position":"center center","background-size":"auto","background-attachment":"scroll","background-type":"","background-media":"","overlay-type":"","overlay-color":"","overlay-opacity":"","overlay-gradient":""},"tablet":{"background-color":"","background-image":"","background-repeat":"repeat","background-position":"center center","background-size":"auto","background-attachment":"scroll","background-type":"","background-media":"","overlay-type":"","overlay-color":"","overlay-opacity":"","overlay-gradient":""},"mobile":{"background-color":"","background-image":"","background-repeat":"repeat","background-position":"center center","background-size":"auto","background-attachment":"scroll","background-type":"","background-media":"","overlay-type":"","overlay-color":"","overlay-opacity":"","overlay-gradient":""}},"ast-content-background-meta":{"desktop":{"background-color":"var(--ast-global-color-5)","background-image":"","background-repeat":"repeat","background-position":"center center","background-size":"auto","background-attachment":"scroll","background-type":"","background-media":"","overlay-type":"","overlay-color":"","overlay-opacity":"","overlay-gradient":""},"tablet":{"background-color":"var(--ast-global-color-5)","background-image":"","background-repeat":"repeat","background-position":"center center","background-size":"auto","background-attachment":"scroll","background-type":"","background-media":"","overlay-type":"","overlay-color":"","overlay-opacity":"","overlay-gradient":""},"mobile":{"background-color":"var(--ast-global-color-5)","background-image":"","background-repeat":"repeat","background-position":"center center","background-size":"auto","background-attachment":"scroll","background-type":"","background-media":"","overlay-type":"","overlay-color":"","overlay-opacity":"","overlay-gradient":""}},"footnotes":""},"class_list":["post-2256","page","type-page","status-publish","hentry"],"aioseo_notices":[],"_links":{"self":[{"href":"https:\/\/root-production.de\/en\/wp-json\/wp\/v2\/pages\/2256","targetHints":{"allow":["GET"]}}],"collection":[{"href":"https:\/\/root-production.de\/en\/wp-json\/wp\/v2\/pages"}],"about":[{"href":"https:\/\/root-production.de\/en\/wp-json\/wp\/v2\/types\/page"}],"author":[{"embeddable":true,"href":"https:\/\/root-production.de\/en\/wp-json\/wp\/v2\/users\/1"}],"replies":[{"embeddable":true,"href":"https:\/\/root-production.de\/en\/wp-json\/wp\/v2\/comments?post=2256"}],"version-history":[{"count":20,"href":"https:\/\/root-production.de\/en\/wp-json\/wp\/v2\/pages\/2256\/revisions"}],"predecessor-version":[{"id":4584,"href":"https:\/\/root-production.de\/en\/wp-json\/wp\/v2\/pages\/2256\/revisions\/4584"}],"wp:attachment":[{"href":"https:\/\/root-production.de\/en\/wp-json\/wp\/v2\/media?parent=2256"}],"curies":[{"name":"wp","href":"https:\/\/api.w.org\/{rel}","templated":true}]}}