{"id":2262,"date":"2024-05-10T22:50:39","date_gmt":"2024-05-10T22:50:39","guid":{"rendered":"https:\/\/root-production.de\/?page_id=2262"},"modified":"2025-11-13T17:10:59","modified_gmt":"2025-11-13T16:10:59","slug":"100-made-in-berlin","status":"publish","type":"page","link":"https:\/\/root-production.de\/en\/100-made-in-berlin\/","title":{"rendered":"100% Made in Berlin"},"content":{"rendered":"<div data-elementor-type=\"wp-page\" data-elementor-id=\"2262\" class=\"elementor elementor-2262\" data-elementor-post-type=\"page\">\n\t\t\t\t<div class=\"elementor-element elementor-element-6eac673 e-flex e-con-boxed e-con e-parent\" data-id=\"6eac673\" data-element_type=\"container\">\n\t\t\t\t\t<div class=\"e-con-inner\">\n\t\t<div class=\"elementor-element elementor-element-a2cc134 e-con-full e-flex e-con e-child\" data-id=\"a2cc134\" data-element_type=\"container\">\n\t\t\t\t<div class=\"elementor-element elementor-element-464d042 elementor-widget elementor-widget-text-editor\" data-id=\"464d042\" data-element_type=\"widget\" data-settings=\"{&quot;htmega_fe&quot;:&quot;no&quot;}\" data-widget_type=\"text-editor.default\">\n\t\t\t\t<div class=\"elementor-widget-container\">\n\t\t\t\t\t\t\t\t\t<h2 style=\"text-align: center;\">100% Made in Berlin<\/h2>\t\t\t\t\t\t\t\t<\/div>\n\t\t\t\t<\/div>\n\t\t\t\t<\/div>\n\t\t\t\t\t<\/div>\n\t\t\t\t<\/div>\n\t\t<div class=\"elementor-element elementor-element-51519ce e-flex e-con-boxed e-con e-parent\" data-id=\"51519ce\" data-element_type=\"container\">\n\t\t\t\t\t<div class=\"e-con-inner\">\n\t\t\t\t<div class=\"elementor-element elementor-element-601e80b elementor-widget elementor-widget-text-editor\" data-id=\"601e80b\" data-element_type=\"widget\" data-settings=\"{&quot;htmega_fe&quot;:&quot;no&quot;}\" data-widget_type=\"text-editor.default\">\n\t\t\t\t<div class=\"elementor-widget-container\">\n\t\t\t\t\t\t\t\t\t<p style=\"text-align: center;\">\u00a0100% Made in Berlin - Your local partner<br \/>Root Production stands for genuine Berlin craftsmanship - authentic, precise and made with passion.<br \/>Jewelry is created in our goldsmith's workshop in Berlin-Charlottenburg,<br \/>which are designed, cast, set and finished entirely on site.<br \/>Every step of the process takes place in our own workshop - transparent, traceable and at the highest level of craftsmanship.<\/p>\t\t\t\t\t\t\t\t<\/div>\n\t\t\t\t<\/div>\n\t\t\t\t<div class=\"elementor-element elementor-element-2bfc729 elementor-widget elementor-widget-text-editor\" data-id=\"2bfc729\" data-element_type=\"widget\" data-settings=\"{&quot;htmega_fe&quot;:&quot;no&quot;}\" data-widget_type=\"text-editor.default\">\n\t\t\t\t<div class=\"elementor-widget-container\">\n\t\t\t\t\t\t\t\t\t<p style=\"text-align: center;\">\u00a0As a B2B partner, you benefit from direct contact with our specialists, short communication channels and maximum flexibility.<br \/>Make an appointment at any time, visit us in the studio<br \/>and plan your projects together with our goldsmiths - from the idea to completion.<\/p>\t\t\t\t\t\t\t\t<\/div>\n\t\t\t\t<\/div>\n\t\t\t\t<div class=\"elementor-element elementor-element-648667e elementor-widget elementor-widget-text-editor\" data-id=\"648667e\" data-element_type=\"widget\" data-settings=\"{&quot;htmega_fe&quot;:&quot;no&quot;}\" data-widget_type=\"text-editor.default\">\n\t\t\t\t<div class=\"elementor-widget-container\">\n\t\t\t\t\t\t\t\t\t<center>\n<p style=\"text-align: center;\">\u00a0What we offer:<\/p>\n- 3D design and wax printing for precise models and prototypes<br>\n- High-quality cast jewelry in series and as one-offs<br>\n- Professional laser welding and demanding repairs<br>\n- Precise barrel work under the microscope<br>\n- Sustainable processing, recycling and manual work in own production<br>\n- Precise jewelry repairs and restorations of all kinds\n<\/center>\t\t\t\t\t\t\t\t<\/div>\n\t\t\t\t<\/div>\n\t\t\t\t<div class=\"elementor-element elementor-element-4c7cc9f elementor-widget elementor-widget-text-editor\" data-id=\"4c7cc9f\" data-element_type=\"widget\" data-settings=\"{&quot;htmega_fe&quot;:&quot;no&quot;}\" data-widget_type=\"text-editor.default\">\n\t\t\t\t<div class=\"elementor-widget-container\">\n\t\t\t\t\t\t\t\t\t<p style=\"text-align: center;\">Root Production saves you time, costs and human resources,<br \/>while at the same time achieving excellent results that inspire your customers.<br \/>We stand for quality, reliability and genuine Berlin craftsmanship.<\/p>\t\t\t\t\t\t\t\t<\/div>\n\t\t\t\t<\/div>\n\t\t\t\t<div class=\"elementor-element elementor-element-536d6e2 elementor-widget elementor-widget-text-editor\" data-id=\"536d6e2\" data-element_type=\"widget\" data-settings=\"{&quot;htmega_fe&quot;:&quot;no&quot;}\" data-widget_type=\"text-editor.default\">\n\t\t\t\t<div class=\"elementor-widget-container\">\n\t\t\t\t\t\t\t\t\t<p style=\"text-align: center;\">We look forward to a successful cooperation and your message.<br>\n<b><a href=\"https:\/\/root-production.de\/en\/kontakt\/\" class=\"gold-link\">Click here<\/a><\/b>to make an appointment via our contact form<br>\nand plan the next step for your jewelry business together.\n<\/p>\t\t\t\t\t\t\t\t<\/div>\n\t\t\t\t<\/div>\n\t\t\t\t\t<\/div>\n\t\t\t\t<\/div>\n\t\t<div class=\"elementor-element elementor-element-23c0357 e-flex e-con-boxed e-con e-parent\" data-id=\"23c0357\" data-element_type=\"container\">\n\t\t\t\t\t<div class=\"e-con-inner\">\n\t\t<div class=\"elementor-element elementor-element-28daac5 e-con-full e-flex e-con e-child\" data-id=\"28daac5\" data-element_type=\"container\">\n\t\t<div class=\"elementor-element elementor-element-656d1e2 e-con-full e-flex e-con e-child\" data-id=\"656d1e2\" data-element_type=\"container\">\n\t\t\t\t<div class=\"elementor-element elementor-element-21835fd elementor-widget elementor-widget-html\" data-id=\"21835fd\" data-element_type=\"widget\" data-settings=\"{&quot;htmega_fe&quot;:&quot;no&quot;}\" data-widget_type=\"html.default\">\n\t\t\t\t<div class=\"elementor-widget-container\">\n\t\t\t\t\t<div>\n    <div>\n      <img loading=\"lazy\" decoding=\"async\" src=\"https:\/\/root-production.de\/wp-content\/uploads\/2025\/10\/root_jewelry_1.jpg\" alt=\"\" class=\"collection-img\" width=\"800\" height=\"538\">\n    <\/div>\n<\/div>\t\t\t\t<\/div>\n\t\t\t\t<\/div>\n\t\t\t\t<\/div>\n\t\t<div class=\"elementor-element elementor-element-9f97606 e-con-full e-flex e-con e-child\" data-id=\"9f97606\" data-element_type=\"container\">\n\t\t\t\t<div class=\"elementor-element elementor-element-d596b0f elementor-widget elementor-widget-html\" data-id=\"d596b0f\" data-element_type=\"widget\" data-settings=\"{&quot;htmega_fe&quot;:&quot;no&quot;}\" data-widget_type=\"html.default\">\n\t\t\t\t<div class=\"elementor-widget-container\">\n\t\t\t\t\t<div>\n    <div>\n      <img loading=\"lazy\" decoding=\"async\" src=\"https:\/\/root-production.de\/wp-content\/uploads\/2025\/10\/root_jewelry_2.jpg\" alt=\"\" class=\"collection-img\" width=\"800\" height=\"538\">\n    <\/div>\n<\/div>\t\t\t\t<\/div>\n\t\t\t\t<\/div>\n\t\t\t\t<\/div>\n\t\t<div class=\"elementor-element elementor-element-833e3ab e-con-full e-flex e-con e-child\" data-id=\"833e3ab\" data-element_type=\"container\">\n\t\t\t\t<div class=\"elementor-element elementor-element-287c0d7 elementor-widget elementor-widget-html\" data-id=\"287c0d7\" data-element_type=\"widget\" data-settings=\"{&quot;htmega_fe&quot;:&quot;no&quot;}\" data-widget_type=\"html.default\">\n\t\t\t\t<div class=\"elementor-widget-container\">\n\t\t\t\t\t<div>\n    <div>\n      <img loading=\"lazy\" decoding=\"async\" src=\"https:\/\/root-production.de\/wp-content\/uploads\/2025\/10\/root_jewelry_3.jpg\" alt=\"\" class=\"collection-img\" width=\"800\" height=\"538\">\n    <\/div>\n<\/div>\t\t\t\t<\/div>\n\t\t\t\t<\/div>\n\t\t\t\t<\/div>\n\t\t\t\t<\/div>\n\t\t\t\t\t<\/div>\n\t\t\t\t<\/div>\n\t\t\t\t<\/div>","protected":false},"excerpt":{"rendered":"<p>100% Made in Berlin \u00a0100% Made in Berlin &#8211; Ihr Partner vor OrtRoot Production steht f\u00fcr echtes Berliner Handwerk &#8211; authentisch, pr\u00e4zise und mit Leidenschaft gefertigt.In unserer Goldschmiedewerkstatt in Berlin-Charlottenburg entstehen Schmuckst\u00fccke,die vollst\u00e4ndig vor Ort entworfen, gegossen, gefasst und veredelt werden.Jeder Arbeitsschritt findet in unserem eigenen Atelier statt &#8211; transparent, nachvollziehbar und auf h\u00f6chstem handwerklichem [&hellip;]<\/p>","protected":false},"author":1,"featured_media":0,"parent":0,"menu_order":0,"comment_status":"closed","ping_status":"closed","template":"","meta":{"_monsterinsights_skip_tracking":false,"_monsterinsights_sitenote_active":false,"_monsterinsights_sitenote_note":"","_monsterinsights_sitenote_category":0,"site-sidebar-layout":"no-sidebar","site-content-layout":"page-builder","ast-site-content-layout":"full-width-container","site-content-style":"default","site-sidebar-style":"default","ast-global-header-display":"","ast-banner-title-visibility":"","ast-main-header-display":"","ast-hfb-above-header-display":"","ast-hfb-below-header-display":"","ast-hfb-mobile-header-display":"","site-post-title":"","ast-breadcrumbs-content":"","ast-featured-img":"disabled","footer-sml-layout":"","theme-transparent-header-meta":"","adv-header-id-meta":"","stick-header-meta":"","header-above-stick-meta":"","header-main-stick-meta":"","header-below-stick-meta":"","astra-migrate-meta-layouts":"set","ast-page-background-enabled":"default","ast-page-background-meta":{"desktop":{"background-color":"var(--ast-global-color-4)","background-image":"","background-repeat":"repeat","background-position":"center center","background-size":"auto","background-attachment":"scroll","background-type":"","background-media":"","overlay-type":"","overlay-color":"","overlay-opacity":"","overlay-gradient":""},"tablet":{"background-color":"","background-image":"","background-repeat":"repeat","background-position":"center center","background-size":"auto","background-attachment":"scroll","background-type":"","background-media":"","overlay-type":"","overlay-color":"","overlay-opacity":"","overlay-gradient":""},"mobile":{"background-color":"","background-image":"","background-repeat":"repeat","background-position":"center center","background-size":"auto","background-attachment":"scroll","background-type":"","background-media":"","overlay-type":"","overlay-color":"","overlay-opacity":"","overlay-gradient":""}},"ast-content-background-meta":{"desktop":{"background-color":"var(--ast-global-color-5)","background-image":"","background-repeat":"repeat","background-position":"center center","background-size":"auto","background-attachment":"scroll","background-type":"","background-media":"","overlay-type":"","overlay-color":"","overlay-opacity":"","overlay-gradient":""},"tablet":{"background-color":"var(--ast-global-color-5)","background-image":"","background-repeat":"repeat","background-position":"center center","background-size":"auto","background-attachment":"scroll","background-type":"","background-media":"","overlay-type":"","overlay-color":"","overlay-opacity":"","overlay-gradient":""},"mobile":{"background-color":"var(--ast-global-color-5)","background-image":"","background-repeat":"repeat","background-position":"center center","background-size":"auto","background-attachment":"scroll","background-type":"","background-media":"","overlay-type":"","overlay-color":"","overlay-opacity":"","overlay-gradient":""}},"footnotes":""},"class_list":["post-2262","page","type-page","status-publish","hentry"],"aioseo_notices":[],"_links":{"self":[{"href":"https:\/\/root-production.de\/en\/wp-json\/wp\/v2\/pages\/2262","targetHints":{"allow":["GET"]}}],"collection":[{"href":"https:\/\/root-production.de\/en\/wp-json\/wp\/v2\/pages"}],"about":[{"href":"https:\/\/root-production.de\/en\/wp-json\/wp\/v2\/types\/page"}],"author":[{"embeddable":true,"href":"https:\/\/root-production.de\/en\/wp-json\/wp\/v2\/users\/1"}],"replies":[{"embeddable":true,"href":"https:\/\/root-production.de\/en\/wp-json\/wp\/v2\/comments?post=2262"}],"version-history":[{"count":74,"href":"https:\/\/root-production.de\/en\/wp-json\/wp\/v2\/pages\/2262\/revisions"}],"predecessor-version":[{"id":4572,"href":"https:\/\/root-production.de\/en\/wp-json\/wp\/v2\/pages\/2262\/revisions\/4572"}],"wp:attachment":[{"href":"https:\/\/root-production.de\/en\/wp-json\/wp\/v2\/media?parent=2262"}],"curies":[{"name":"wp","href":"https:\/\/api.w.org\/{rel}","templated":true}]}}