{"id":3909,"date":"2025-10-27T20:21:35","date_gmt":"2025-10-27T19:21:35","guid":{"rendered":"https:\/\/root-production.de\/?page_id=3909"},"modified":"2025-11-13T17:08:05","modified_gmt":"2025-11-13T16:08:05","slug":"spezialanfertigungen","status":"publish","type":"page","link":"https:\/\/root-production.de\/en\/spezialanfertigungen\/","title":{"rendered":"Custom-made products"},"content":{"rendered":"<div data-elementor-type=\"wp-page\" data-elementor-id=\"3909\" class=\"elementor elementor-3909\" data-elementor-post-type=\"page\">\n\t\t\t\t<div class=\"elementor-element elementor-element-6eac673 e-flex e-con-boxed e-con e-parent\" data-id=\"6eac673\" data-element_type=\"container\">\n\t\t\t\t\t<div class=\"e-con-inner\">\n\t\t<div class=\"elementor-element elementor-element-a2cc134 e-con-full e-flex e-con e-child\" data-id=\"a2cc134\" data-element_type=\"container\">\n\t\t\t\t<div class=\"elementor-element elementor-element-464d042 elementor-widget elementor-widget-text-editor\" data-id=\"464d042\" data-element_type=\"widget\" data-settings=\"{&quot;htmega_fe&quot;:&quot;no&quot;}\" data-widget_type=\"text-editor.default\">\n\t\t\t\t<div class=\"elementor-widget-container\">\n\t\t\t\t\t\t\t\t\t<h2 style=\"text-align: center;\">Custom-made products<\/h2>\t\t\t\t\t\t\t\t<\/div>\n\t\t\t\t<\/div>\n\t\t\t\t<\/div>\n\t\t\t\t\t<\/div>\n\t\t\t\t<\/div>\n\t\t<div class=\"elementor-element elementor-element-eb8c518 e-flex e-con-boxed e-con e-parent\" data-id=\"eb8c518\" data-element_type=\"container\">\n\t\t\t\t\t<div class=\"e-con-inner\">\n\t\t\t\t<div class=\"elementor-element elementor-element-4b130a1 elementor-widget elementor-widget-text-editor\" data-id=\"4b130a1\" data-element_type=\"widget\" data-settings=\"{&quot;htmega_fe&quot;:&quot;no&quot;}\" data-widget_type=\"text-editor.default\">\n\t\t\t\t<div class=\"elementor-widget-container\">\n\t\t\t\t\t\t\t\t\t<p style=\"text-align: center;\">Individual pieces of jewelry made to measure\n<br><br>\nAt Root Production you have the option,<br>\nTo bring your own ideas to life in unique pieces of jewelry or complete collections.<br>\nRegardless of whether you have a personal gift, a special memento, a completely unique design or an exclusive jewelry line for your business in mind - we implement your ideas precisely and with great attention to detail.\n<\/p>\t\t\t\t\t\t\t\t<\/div>\n\t\t\t\t<\/div>\n\t\t\t\t<div class=\"elementor-element elementor-element-25b3482 elementor-widget elementor-widget-text-editor\" data-id=\"25b3482\" data-element_type=\"widget\" data-settings=\"{&quot;htmega_fe&quot;:&quot;no&quot;}\" data-widget_type=\"text-editor.default\">\n\t\t\t\t<div class=\"elementor-widget-container\">\n\t\t\t\t\t\t\t\t\t<p style=\"text-align: center;\">We develop individual designs together with you in our studio,<br>\nselect suitable materials and take your every wish into account.<br>\nWhether gold, silver or platinum, sparkling gemstones or subtle accents - anything is possible.<br>\nWith modern 3D printing, a precise casting process and the craftsmanship of our experienced goldsmiths and gem-setters, we manufacture your jewelry directly on site.<\/p>\t\t\t\t\t\t\t\t<\/div>\n\t\t\t\t<\/div>\n\t\t\t\t<div class=\"elementor-element elementor-element-d473d66 elementor-widget elementor-widget-text-editor\" data-id=\"d473d66\" data-element_type=\"widget\" data-settings=\"{&quot;htmega_fe&quot;:&quot;no&quot;}\" data-widget_type=\"text-editor.default\">\n\t\t\t\t<div class=\"elementor-widget-container\">\n\t\t\t\t\t\t\t\t\t<p style=\"text-align: center;\">Whether individual pieces for private occasions or complete collections for sale - Root Production creates jewelry that is not only aesthetically pleasing, but also reflects your personality, your story or your brand idea.<\/p>\t\t\t\t\t\t\t\t<\/div>\n\t\t\t\t<\/div>\n\t\t\t\t<div class=\"elementor-element elementor-element-b7e7877 elementor-widget elementor-widget-text-editor\" data-id=\"b7e7877\" data-element_type=\"widget\" data-settings=\"{&quot;htmega_fe&quot;:&quot;no&quot;}\" data-widget_type=\"text-editor.default\">\n\t\t\t\t<div class=\"elementor-widget-container\">\n\t\t\t\t\t\t\t\t\t<p style=\"text-align: center;\">Anyone who wants to start their own business or create an individual merch area,<br \/>will find the perfect partner for professional, customized jewelry production here.<\/p>\t\t\t\t\t\t\t\t<\/div>\n\t\t\t\t<\/div>\n\t\t\t\t<div class=\"elementor-element elementor-element-3e47cf7 elementor-widget elementor-widget-text-editor\" data-id=\"3e47cf7\" data-element_type=\"widget\" data-settings=\"{&quot;htmega_fe&quot;:&quot;no&quot;}\" data-widget_type=\"text-editor.default\">\n\t\t\t\t<div class=\"elementor-widget-container\">\n\t\t\t\t\t\t\t\t\t<p style=\"text-align: center;\">Simply contact us via our <b><a href=\"https:\/\/root-production.de\/en\/kontakt\/\" class=\"gold-link\">Contact form<\/a><\/b>,<br>\nto discuss your ideas and take the next step together.<br>\nto plan your individual jewelry production or collection.\n<\/p>\t\t\t\t\t\t\t\t<\/div>\n\t\t\t\t<\/div>\n\t\t\t\t\t<\/div>\n\t\t\t\t<\/div>\n\t\t<div class=\"elementor-element elementor-element-23c0357 e-flex e-con-boxed e-con e-parent\" data-id=\"23c0357\" data-element_type=\"container\">\n\t\t\t\t\t<div class=\"e-con-inner\">\n\t\t<div class=\"elementor-element elementor-element-28daac5 e-con-full e-flex e-con e-child\" data-id=\"28daac5\" data-element_type=\"container\">\n\t\t<div class=\"elementor-element elementor-element-656d1e2 e-con-full e-flex e-con e-child\" data-id=\"656d1e2\" data-element_type=\"container\">\n\t\t\t\t<div class=\"elementor-element elementor-element-21835fd elementor-widget elementor-widget-html\" data-id=\"21835fd\" data-element_type=\"widget\" data-settings=\"{&quot;htmega_fe&quot;:&quot;no&quot;}\" data-widget_type=\"html.default\">\n\t\t\t\t<div class=\"elementor-widget-container\">\n\t\t\t\t\t<div>\n    <div>\n      <img loading=\"lazy\" decoding=\"async\" src=\"https:\/\/root-production.de\/wp-content\/uploads\/2025\/10\/root_jewelery_spezialanfertigungen_1.jpg\" alt=\"\" class=\"collection-img\" width=\"800\" height=\"1200\">\n    <\/div>\n<\/div>\t\t\t\t<\/div>\n\t\t\t\t<\/div>\n\t\t\t\t<\/div>\n\t\t<div class=\"elementor-element elementor-element-9f97606 e-con-full e-flex e-con e-child\" data-id=\"9f97606\" data-element_type=\"container\">\n\t\t\t\t<div class=\"elementor-element elementor-element-d596b0f elementor-widget elementor-widget-html\" data-id=\"d596b0f\" data-element_type=\"widget\" data-settings=\"{&quot;htmega_fe&quot;:&quot;no&quot;}\" data-widget_type=\"html.default\">\n\t\t\t\t<div class=\"elementor-widget-container\">\n\t\t\t\t\t<div>\n    <div>\n      <img loading=\"lazy\" decoding=\"async\" src=\"https:\/\/root-production.de\/wp-content\/uploads\/2025\/10\/root_jewelery_spezialanfertigungen_2.jpg\" alt=\"\" class=\"collection-img\" width=\"800\" height=\"1200\">\n    <\/div>\n<\/div>\t\t\t\t<\/div>\n\t\t\t\t<\/div>\n\t\t\t\t<\/div>\n\t\t<div class=\"elementor-element elementor-element-833e3ab e-con-full e-flex e-con e-child\" data-id=\"833e3ab\" data-element_type=\"container\">\n\t\t\t\t<div class=\"elementor-element elementor-element-287c0d7 elementor-widget elementor-widget-html\" data-id=\"287c0d7\" data-element_type=\"widget\" data-settings=\"{&quot;htmega_fe&quot;:&quot;no&quot;}\" data-widget_type=\"html.default\">\n\t\t\t\t<div class=\"elementor-widget-container\">\n\t\t\t\t\t<div>\n    <div>\n      <img loading=\"lazy\" decoding=\"async\" src=\"https:\/\/root-production.de\/wp-content\/uploads\/2025\/10\/root_jewelery_spezialanfertigungen_3.jpg\" alt=\"\" class=\"collection-img\" width=\"800\" height=\"1200\">\n    <\/div>\n<\/div>\t\t\t\t<\/div>\n\t\t\t\t<\/div>\n\t\t\t\t<\/div>\n\t\t<div class=\"elementor-element elementor-element-a7e125c e-con-full e-flex e-con e-child\" data-id=\"a7e125c\" data-element_type=\"container\">\n\t\t\t\t<div class=\"elementor-element elementor-element-5307fde elementor-widget elementor-widget-html\" data-id=\"5307fde\" data-element_type=\"widget\" data-settings=\"{&quot;htmega_fe&quot;:&quot;no&quot;}\" data-widget_type=\"html.default\">\n\t\t\t\t<div class=\"elementor-widget-container\">\n\t\t\t\t\t<div>\n    <div>\n      <img loading=\"lazy\" decoding=\"async\" src=\"https:\/\/root-production.de\/wp-content\/uploads\/2025\/10\/root_jewelery_spezialanfertigungen_4.jpg\" alt=\"\" class=\"collection-img\" width=\"800\" height=\"1200\">\n    <\/div>\n<\/div>\t\t\t\t<\/div>\n\t\t\t\t<\/div>\n\t\t\t\t<\/div>\n\t\t\t\t<\/div>\n\t\t<div class=\"elementor-element elementor-element-51519ce e-con-full e-flex e-con e-child\" data-id=\"51519ce\" data-element_type=\"container\">\n\t\t\t\t<div class=\"elementor-element elementor-element-601e80b elementor-widget elementor-widget-text-editor\" data-id=\"601e80b\" data-element_type=\"widget\" data-settings=\"{&quot;htmega_fe&quot;:&quot;no&quot;}\" data-widget_type=\"text-editor.default\">\n\t\t\t\t<div class=\"elementor-widget-container\">\n\t\t\t\t\t\t\t\t\t<p style=\"text-align: center;\">Creative design - only your idea counts\n<br> <br>\nWhether classic, modern or extravagant: <br>\nAt Root Production, your ideas take center stage. <br>\nYou determine the style, we implement it with precision craftsmanship and many years of experience. <br>\nFrom the choice of materials to the design and special details, every element is carefully considered.<br> carefully tailored to your wishes.<\/p>\t\t\t\t\t\t\t\t<\/div>\n\t\t\t\t<\/div>\n\t\t\t\t<div class=\"elementor-element elementor-element-2bfc729 elementor-widget elementor-widget-text-editor\" data-id=\"2bfc729\" data-element_type=\"widget\" data-settings=\"{&quot;htmega_fe&quot;:&quot;no&quot;}\" data-widget_type=\"text-editor.default\">\n\t\t\t\t<div class=\"elementor-widget-container\">\n\t\t\t\t\t\t\t\t\t<p style=\"text-align: center;\">Whether from sketches, mood boards or spontaneous ideas - we make your vision tangible and create a piece of jewelry that reflects your personality. A unique piece that not only gives pleasure in the here and now, but also lasts for generations and carries on its history<\/p>\t\t\t\t\t\t\t\t<\/div>\n\t\t\t\t<\/div>\n\t\t\t\t<\/div>\n\t\t<div class=\"elementor-element elementor-element-c6c0f51 e-con-full e-flex e-con e-child\" data-id=\"c6c0f51\" data-element_type=\"container\">\n\t\t<div class=\"elementor-element elementor-element-19a9ddd e-con-full e-flex e-con e-child\" data-id=\"19a9ddd\" data-element_type=\"container\">\n\t\t\t\t<div class=\"elementor-element elementor-element-d6d7f69 elementor-widget elementor-widget-html\" data-id=\"d6d7f69\" data-element_type=\"widget\" data-settings=\"{&quot;htmega_fe&quot;:&quot;no&quot;}\" data-widget_type=\"html.default\">\n\t\t\t\t<div class=\"elementor-widget-container\">\n\t\t\t\t\t<div>\n    <div>\n      <img loading=\"lazy\" decoding=\"async\" src=\"https:\/\/root-production.de\/wp-content\/uploads\/2025\/10\/root_jewelery_spezialanfertigungen_5.jpg\" alt=\"\" class=\"collection-img\" width=\"800\" height=\"533\">\n    <\/div>\n<\/div>\t\t\t\t<\/div>\n\t\t\t\t<\/div>\n\t\t\t\t<\/div>\n\t\t<div class=\"elementor-element elementor-element-ab87528 e-con-full e-flex e-con e-child\" data-id=\"ab87528\" data-element_type=\"container\">\n\t\t\t\t<div class=\"elementor-element elementor-element-98a1c17 elementor-widget elementor-widget-html\" data-id=\"98a1c17\" data-element_type=\"widget\" data-settings=\"{&quot;htmega_fe&quot;:&quot;no&quot;}\" data-widget_type=\"html.default\">\n\t\t\t\t<div class=\"elementor-widget-container\">\n\t\t\t\t\t<div>\n    <div>\n      <img loading=\"lazy\" decoding=\"async\" src=\"https:\/\/root-production.de\/wp-content\/uploads\/2025\/10\/root_jewelery_spezialanfertigungen_6.jpg\" alt=\"\" class=\"collection-img\" width=\"800\" height=\"533\">\n    <\/div>\n<\/div>\t\t\t\t<\/div>\n\t\t\t\t<\/div>\n\t\t\t\t<\/div>\n\t\t<div class=\"elementor-element elementor-element-a95bf82 e-con-full e-flex e-con e-child\" data-id=\"a95bf82\" data-element_type=\"container\">\n\t\t\t\t<div class=\"elementor-element elementor-element-d25d94b elementor-widget elementor-widget-html\" data-id=\"d25d94b\" data-element_type=\"widget\" data-settings=\"{&quot;htmega_fe&quot;:&quot;no&quot;}\" data-widget_type=\"html.default\">\n\t\t\t\t<div class=\"elementor-widget-container\">\n\t\t\t\t\t<div>\n    <div>\n      <img loading=\"lazy\" decoding=\"async\" src=\"https:\/\/root-production.de\/wp-content\/uploads\/2025\/10\/root_jewelery_spezialanfertigungen_7.jpg\" alt=\"\" class=\"collection-img\" width=\"800\" height=\"533\">\n    <\/div>\n<\/div>\t\t\t\t<\/div>\n\t\t\t\t<\/div>\n\t\t\t\t<\/div>\n\t\t\t\t<\/div>\n\t\t\t\t\t<\/div>\n\t\t\t\t<\/div>\n\t\t\t\t<\/div>","protected":false},"excerpt":{"rendered":"<p>Spezialanfertigungen Individuelle Schmuckst\u00fccke nach Ma\u00df Bei Root Production haben Sie die M\u00f6glichkeit, Ihre eigenen Ideen in einzigartigen Schmuckst\u00fccken oder kompletten Kollektionen zum Leben zu erwecken. Ganz gleich, ob Sie ein pers\u00f6nliches Geschenk, ein besonderes Erinnerungsst\u00fcck, ein komplett eigenes Design oder eine exklusive Schmucklinie f\u00fcr Ihr Business im Kopf haben &#8211; wir setzen Ihre Vorstellungen pr\u00e4zise [&hellip;]<\/p>","protected":false},"author":4,"featured_media":0,"parent":0,"menu_order":0,"comment_status":"closed","ping_status":"closed","template":"","meta":{"_monsterinsights_skip_tracking":false,"_monsterinsights_sitenote_active":false,"_monsterinsights_sitenote_note":"","_monsterinsights_sitenote_category":0,"site-sidebar-layout":"no-sidebar","site-content-layout":"page-builder","ast-site-content-layout":"full-width-container","site-content-style":"default","site-sidebar-style":"default","ast-global-header-display":"","ast-banner-title-visibility":"","ast-main-header-display":"","ast-hfb-above-header-display":"","ast-hfb-below-header-display":"","ast-hfb-mobile-header-display":"","site-post-title":"","ast-breadcrumbs-content":"","ast-featured-img":"disabled","footer-sml-layout":"","theme-transparent-header-meta":"","adv-header-id-meta":"","stick-header-meta":"","header-above-stick-meta":"","header-main-stick-meta":"","header-below-stick-meta":"","astra-migrate-meta-layouts":"set","ast-page-background-enabled":"default","ast-page-background-meta":{"desktop":{"background-color":"var(--ast-global-color-4)","background-image":"","background-repeat":"repeat","background-position":"center center","background-size":"auto","background-attachment":"scroll","background-type":"","background-media":"","overlay-type":"","overlay-color":"","overlay-opacity":"","overlay-gradient":""},"tablet":{"background-color":"","background-image":"","background-repeat":"repeat","background-position":"center center","background-size":"auto","background-attachment":"scroll","background-type":"","background-media":"","overlay-type":"","overlay-color":"","overlay-opacity":"","overlay-gradient":""},"mobile":{"background-color":"","background-image":"","background-repeat":"repeat","background-position":"center center","background-size":"auto","background-attachment":"scroll","background-type":"","background-media":"","overlay-type":"","overlay-color":"","overlay-opacity":"","overlay-gradient":""}},"ast-content-background-meta":{"desktop":{"background-color":"var(--ast-global-color-5)","background-image":"","background-repeat":"repeat","background-position":"center center","background-size":"auto","background-attachment":"scroll","background-type":"","background-media":"","overlay-type":"","overlay-color":"","overlay-opacity":"","overlay-gradient":""},"tablet":{"background-color":"var(--ast-global-color-5)","background-image":"","background-repeat":"repeat","background-position":"center center","background-size":"auto","background-attachment":"scroll","background-type":"","background-media":"","overlay-type":"","overlay-color":"","overlay-opacity":"","overlay-gradient":""},"mobile":{"background-color":"var(--ast-global-color-5)","background-image":"","background-repeat":"repeat","background-position":"center center","background-size":"auto","background-attachment":"scroll","background-type":"","background-media":"","overlay-type":"","overlay-color":"","overlay-opacity":"","overlay-gradient":""}},"footnotes":""},"class_list":["post-3909","page","type-page","status-publish","hentry"],"aioseo_notices":[],"_links":{"self":[{"href":"https:\/\/root-production.de\/en\/wp-json\/wp\/v2\/pages\/3909","targetHints":{"allow":["GET"]}}],"collection":[{"href":"https:\/\/root-production.de\/en\/wp-json\/wp\/v2\/pages"}],"about":[{"href":"https:\/\/root-production.de\/en\/wp-json\/wp\/v2\/types\/page"}],"author":[{"embeddable":true,"href":"https:\/\/root-production.de\/en\/wp-json\/wp\/v2\/users\/4"}],"replies":[{"embeddable":true,"href":"https:\/\/root-production.de\/en\/wp-json\/wp\/v2\/comments?post=3909"}],"version-history":[{"count":37,"href":"https:\/\/root-production.de\/en\/wp-json\/wp\/v2\/pages\/3909\/revisions"}],"predecessor-version":[{"id":4567,"href":"https:\/\/root-production.de\/en\/wp-json\/wp\/v2\/pages\/3909\/revisions\/4567"}],"wp:attachment":[{"href":"https:\/\/root-production.de\/en\/wp-json\/wp\/v2\/media?parent=3909"}],"curies":[{"name":"wp","href":"https:\/\/api.w.org\/{rel}","templated":true}]}}