{"id":3957,"date":"2025-10-28T00:52:15","date_gmt":"2025-10-27T23:52:15","guid":{"rendered":"https:\/\/root-production.de\/?page_id=3957"},"modified":"2025-11-13T17:15:21","modified_gmt":"2025-11-13T16:15:21","slug":"reparaturen-und-restaurierungen-fuer-schmuck","status":"publish","type":"page","link":"https:\/\/root-production.de\/en\/reparaturen-und-restaurierungen-fuer-schmuck\/","title":{"rendered":"Repairs and restorations for jewelry"},"content":{"rendered":"<div data-elementor-type=\"wp-page\" data-elementor-id=\"3957\" class=\"elementor elementor-3957\" data-elementor-post-type=\"page\">\n\t\t\t\t<div class=\"elementor-element elementor-element-f03af48 e-con-full e-flex e-con e-parent\" data-id=\"f03af48\" data-element_type=\"container\">\n\t\t<div class=\"elementor-element elementor-element-ebc460e e-flex e-con-boxed e-con e-child\" data-id=\"ebc460e\" data-element_type=\"container\">\n\t\t\t\t\t<div class=\"e-con-inner\">\n\t\t<div class=\"elementor-element elementor-element-b2b4dba e-con-full e-flex e-con e-child\" data-id=\"b2b4dba\" data-element_type=\"container\">\n\t\t\t\t<div class=\"elementor-element elementor-element-234e0ff elementor-widget elementor-widget-text-editor\" data-id=\"234e0ff\" data-element_type=\"widget\" data-settings=\"{&quot;htmega_fe&quot;:&quot;no&quot;}\" data-widget_type=\"text-editor.default\">\n\t\t\t\t<div class=\"elementor-widget-container\">\n\t\t\t\t\t\t\t\t\t<h2 style=\"text-align: center;\">Repairs and restorations for jewelry in the B2B sector<\/h2>\t\t\t\t\t\t\t\t<\/div>\n\t\t\t\t<\/div>\n\t\t\t\t<\/div>\n\t\t\t\t<div class=\"elementor-element elementor-element-0dd50ce elementor-widget elementor-widget-text-editor\" data-id=\"0dd50ce\" data-element_type=\"widget\" data-settings=\"{&quot;htmega_fe&quot;:&quot;no&quot;}\" data-widget_type=\"text-editor.default\">\n\t\t\t\t<div class=\"elementor-widget-container\">\n\t\t\t\t\t\t\t\t\t<p style=\"text-align: center;\">\nRoot Production is your competent partner for precise jewelry repairs and restorations of all kinds.<br>\nWe take care of the professional repair, refurbishment and maintenance of your jewelry.<br>\nFast, reliable and with the highest precision craftsmanship.<br><br>\n\nIf you want your company to focus more on sales, customer advice or other business priorities, we can take care of the entire process of repairs, restorations and reworking.<br>\nThis saves you time and personnel resources while at the same time ensuring consistently high quality\nwhen refurbishing your jewelry.<br><br>\n\nWhether modern designs, damaged pieces or antique jewelry - thanks to our many years of experience and state-of-the-art techniques, even elaborate or historical pieces of jewelry pose no challenge. <br>\nEach part is processed with the utmost care and using innovative processes such as laser welding and barrel work under a microscope in order to optimally preserve structure, shine and value.\n<\/p>\t\t\t\t\t\t\t\t<\/div>\n\t\t\t\t<\/div>\n\t\t<div class=\"elementor-element elementor-element-45298e6 e-con-full e-flex e-con e-child\" data-id=\"45298e6\" data-element_type=\"container\">\n\t\t<div class=\"elementor-element elementor-element-45664ef e-con-full e-flex e-con e-child\" data-id=\"45664ef\" data-element_type=\"container\">\n\t\t<div class=\"elementor-element elementor-element-d6f6c28 e-con-full e-flex e-con e-child\" data-id=\"d6f6c28\" data-element_type=\"container\">\n\t\t\t\t<div class=\"elementor-element elementor-element-1d0b5e0 elementor-widget elementor-widget-html\" data-id=\"1d0b5e0\" data-element_type=\"widget\" data-settings=\"{&quot;htmega_fe&quot;:&quot;no&quot;}\" data-widget_type=\"html.default\">\n\t\t\t\t<div class=\"elementor-widget-container\">\n\t\t\t\t\t<div>\n    <div>\n      <img loading=\"lazy\" decoding=\"async\" src=\"https:\/\/root-production.de\/wp-content\/uploads\/2025\/10\/root_jewelery_reperaturen_1.jpg\" alt=\"\" class=\"collection-img\" width=\"800\" height=\"533\">\n    <\/div>\n<\/div>\t\t\t\t<\/div>\n\t\t\t\t<\/div>\n\t\t\t\t<\/div>\n\t\t<div class=\"elementor-element elementor-element-85e22f4 e-con-full e-flex e-con e-child\" data-id=\"85e22f4\" data-element_type=\"container\">\n\t\t\t\t<div class=\"elementor-element elementor-element-69133ef elementor-widget elementor-widget-html\" data-id=\"69133ef\" data-element_type=\"widget\" data-settings=\"{&quot;htmega_fe&quot;:&quot;no&quot;}\" data-widget_type=\"html.default\">\n\t\t\t\t<div class=\"elementor-widget-container\">\n\t\t\t\t\t<div>\n    <div>\n      <img loading=\"lazy\" decoding=\"async\" src=\"https:\/\/root-production.de\/wp-content\/uploads\/2025\/10\/root_jewelery_reperaturen_2.jpg\" alt=\"\" class=\"collection-img\" width=\"800\" height=\"533\">\n    <\/div>\n<\/div>\t\t\t\t<\/div>\n\t\t\t\t<\/div>\n\t\t\t\t<\/div>\n\t\t<div class=\"elementor-element elementor-element-9ad3aba e-con-full e-flex e-con e-child\" data-id=\"9ad3aba\" data-element_type=\"container\">\n\t\t\t\t<div class=\"elementor-element elementor-element-aa1f6b2 elementor-widget elementor-widget-html\" data-id=\"aa1f6b2\" data-element_type=\"widget\" data-settings=\"{&quot;htmega_fe&quot;:&quot;no&quot;}\" data-widget_type=\"html.default\">\n\t\t\t\t<div class=\"elementor-widget-container\">\n\t\t\t\t\t<div>\n    <div>\n      <img loading=\"lazy\" decoding=\"async\" src=\"https:\/\/root-production.de\/wp-content\/uploads\/2025\/10\/root_jewelery_reperaturen_3.jpg\" alt=\"\" class=\"collection-img\" width=\"800\" height=\"533\">\n    <\/div>\n<\/div>\t\t\t\t<\/div>\n\t\t\t\t<\/div>\n\t\t\t\t<\/div>\n\t\t\t\t<\/div>\n\t\t\t\t<\/div>\n\t\t<div class=\"elementor-element elementor-element-5278f87 e-con-full e-flex e-con e-child\" data-id=\"5278f87\" data-element_type=\"container\">\n\t\t<div class=\"elementor-element elementor-element-7503659 e-con-full e-flex e-con e-child\" data-id=\"7503659\" data-element_type=\"container\">\n\t\t\t\t<div class=\"elementor-element elementor-element-e0575d5 elementor-widget__width-inherit elementor-widget elementor-widget-text-editor\" data-id=\"e0575d5\" data-element_type=\"widget\" data-settings=\"{&quot;htmega_fe&quot;:&quot;no&quot;}\" data-widget_type=\"text-editor.default\">\n\t\t\t\t<div class=\"elementor-widget-container\">\n\t\t\t\t\t\t\t\t\t<h3 data-start=\"547\" data-end=\"590\">Our services at a glance:<\/h3>\n\n  <ul>\n      <li>Precise jewelry repairs of all kinds - from simple chain breakages to complex rebuilds<\/li>\n\n<li>Professional restoration of old, damaged or antique pieces of jewelry<\/li>\n\n<li>Combination of traditional goldsmithing and state-of-the-art technology<\/li>\n\n<li>Detailed reworking and reconstruction of missing elements<\/li>\n\n<li>Reliable handling and transparent communication throughout the entire process<\/li>\n    <\/ul>\t\t\t\t\t\t\t\t<\/div>\n\t\t\t\t<\/div>\n\t\t\t\t<\/div>\n\t\t<div class=\"elementor-element elementor-element-d51c053 e-con-full e-flex e-con e-child\" data-id=\"d51c053\" data-element_type=\"container\">\n\t\t\t\t<div class=\"elementor-element elementor-element-c75e99d elementor-widget elementor-widget-image\" data-id=\"c75e99d\" data-element_type=\"widget\" data-settings=\"{&quot;htmega_fe&quot;:&quot;no&quot;}\" data-widget_type=\"image.default\">\n\t\t\t\t<div class=\"elementor-widget-container\">\n\t\t\t\t\t\t\t\t\t\t\t\t\t\t\t<img fetchpriority=\"high\" decoding=\"async\" width=\"683\" height=\"1024\" src=\"https:\/\/root-production.de\/wp-content\/uploads\/2025\/10\/root_jewelery_reperaturen_4-683x1024.jpg\" class=\"attachment-large size-large wp-image-3973\" alt=\"Root Jewelery Reperaturen\" srcset=\"https:\/\/root-production.de\/wp-content\/uploads\/2025\/10\/root_jewelery_reperaturen_4-683x1024.jpg 683w, https:\/\/root-production.de\/wp-content\/uploads\/2025\/10\/root_jewelery_reperaturen_4-200x300.jpg 200w, https:\/\/root-production.de\/wp-content\/uploads\/2025\/10\/root_jewelery_reperaturen_4-768x1152.jpg 768w, https:\/\/root-production.de\/wp-content\/uploads\/2025\/10\/root_jewelery_reperaturen_4-8x12.jpg 8w, https:\/\/root-production.de\/wp-content\/uploads\/2025\/10\/root_jewelery_reperaturen_4.jpg 800w\" sizes=\"(max-width: 683px) 100vw, 683px\" \/>\t\t\t\t\t\t\t\t\t\t\t\t\t\t\t<\/div>\n\t\t\t\t<\/div>\n\t\t\t\t<\/div>\n\t\t\t\t<\/div>\n\t\t<div class=\"elementor-element elementor-element-1db1ca4 e-con-full e-flex e-con e-child\" data-id=\"1db1ca4\" data-element_type=\"container\">\n\t\t\t\t<div class=\"elementor-element elementor-element-8322150 elementor-widget elementor-widget-text-editor\" data-id=\"8322150\" data-element_type=\"widget\" data-settings=\"{&quot;htmega_fe&quot;:&quot;no&quot;}\" data-widget_type=\"text-editor.default\">\n\t\t\t\t<div class=\"elementor-widget-container\">\n\t\t\t\t\t\t\t\t\t<p style=\"text-align: center;\">\nAll work is carried out in-house and carefully crafted by hand, which guarantees consistent quality and absolute precision.\n<br><br>\n<b><a href=\"https:\/\/root-production.de\/en\/kontakt\/\" class=\"gold-link\">Contact us<\/a><\/b> us to find out more about our repair and restoration services.<br>\nWe take care of your rework professionally, efficiently and to the highest standard,<br>\nso that you can concentrate fully on your core business.\n<\/p>\t\t\t\t\t\t\t\t<\/div>\n\t\t\t\t<\/div>\n\t\t\t\t<\/div>\n\t\t\t\t\t<\/div>\n\t\t\t\t<\/div>\n\t\t\t\t<\/div>\n\t\t\t\t<\/div>","protected":false},"excerpt":{"rendered":"<p>Reparaturen und Restaurierungen f\u00fcr Schmuck im B2B-Bereich Root Production ist Ihr kompetenter Partner f\u00fcr pr\u00e4zise Schmuckreparaturen und Restaurierungen jeglicher Art. Wir \u00fcbernehmen f\u00fcr Sie die fachgerechte Instandsetzung, Aufarbeitung und Pflege von Schmuckst\u00fccken. Schnell, zuverl\u00e4ssig und mit h\u00f6chster handwerklicher Pr\u00e4zision. Wenn Sie sich in Ihrem Unternehmen st\u00e4rker auf den Verkauf, die Kundenberatung oder andere gesch\u00e4ftliche Schwerpunkte [&hellip;]<\/p>","protected":false},"author":4,"featured_media":0,"parent":0,"menu_order":0,"comment_status":"closed","ping_status":"closed","template":"","meta":{"_monsterinsights_skip_tracking":false,"_monsterinsights_sitenote_active":false,"_monsterinsights_sitenote_note":"","_monsterinsights_sitenote_category":0,"site-sidebar-layout":"no-sidebar","site-content-layout":"page-builder","ast-site-content-layout":"full-width-container","site-content-style":"default","site-sidebar-style":"default","ast-global-header-display":"","ast-banner-title-visibility":"","ast-main-header-display":"","ast-hfb-above-header-display":"","ast-hfb-below-header-display":"","ast-hfb-mobile-header-display":"","site-post-title":"disabled","ast-breadcrumbs-content":"","ast-featured-img":"disabled","footer-sml-layout":"","theme-transparent-header-meta":"","adv-header-id-meta":"","stick-header-meta":"","header-above-stick-meta":"","header-main-stick-meta":"","header-below-stick-meta":"","astra-migrate-meta-layouts":"set","ast-page-background-enabled":"default","ast-page-background-meta":{"desktop":{"background-color":"var(--ast-global-color-4)","background-image":"","background-repeat":"repeat","background-position":"center center","background-size":"auto","background-attachment":"scroll","background-type":"","background-media":"","overlay-type":"","overlay-color":"","overlay-opacity":"","overlay-gradient":""},"tablet":{"background-color":"","background-image":"","background-repeat":"repeat","background-position":"center center","background-size":"auto","background-attachment":"scroll","background-type":"","background-media":"","overlay-type":"","overlay-color":"","overlay-opacity":"","overlay-gradient":""},"mobile":{"background-color":"","background-image":"","background-repeat":"repeat","background-position":"center center","background-size":"auto","background-attachment":"scroll","background-type":"","background-media":"","overlay-type":"","overlay-color":"","overlay-opacity":"","overlay-gradient":""}},"ast-content-background-meta":{"desktop":{"background-color":"var(--ast-global-color-5)","background-image":"","background-repeat":"repeat","background-position":"center center","background-size":"auto","background-attachment":"scroll","background-type":"","background-media":"","overlay-type":"","overlay-color":"","overlay-opacity":"","overlay-gradient":""},"tablet":{"background-color":"var(--ast-global-color-5)","background-image":"","background-repeat":"repeat","background-position":"center center","background-size":"auto","background-attachment":"scroll","background-type":"","background-media":"","overlay-type":"","overlay-color":"","overlay-opacity":"","overlay-gradient":""},"mobile":{"background-color":"var(--ast-global-color-5)","background-image":"","background-repeat":"repeat","background-position":"center center","background-size":"auto","background-attachment":"scroll","background-type":"","background-media":"","overlay-type":"","overlay-color":"","overlay-opacity":"","overlay-gradient":""}},"footnotes":""},"class_list":["post-3957","page","type-page","status-publish","hentry"],"aioseo_notices":[],"_links":{"self":[{"href":"https:\/\/root-production.de\/en\/wp-json\/wp\/v2\/pages\/3957","targetHints":{"allow":["GET"]}}],"collection":[{"href":"https:\/\/root-production.de\/en\/wp-json\/wp\/v2\/pages"}],"about":[{"href":"https:\/\/root-production.de\/en\/wp-json\/wp\/v2\/types\/page"}],"author":[{"embeddable":true,"href":"https:\/\/root-production.de\/en\/wp-json\/wp\/v2\/users\/4"}],"replies":[{"embeddable":true,"href":"https:\/\/root-production.de\/en\/wp-json\/wp\/v2\/comments?post=3957"}],"version-history":[{"count":22,"href":"https:\/\/root-production.de\/en\/wp-json\/wp\/v2\/pages\/3957\/revisions"}],"predecessor-version":[{"id":4587,"href":"https:\/\/root-production.de\/en\/wp-json\/wp\/v2\/pages\/3957\/revisions\/4587"}],"wp:attachment":[{"href":"https:\/\/root-production.de\/en\/wp-json\/wp\/v2\/media?parent=3957"}],"curies":[{"name":"wp","href":"https:\/\/api.w.org\/{rel}","templated":true}]}}