{"id":3984,"date":"2025-10-28T13:49:25","date_gmt":"2025-10-28T12:49:25","guid":{"rendered":"https:\/\/root-production.de\/?page_id=3984"},"modified":"2025-11-13T17:12:32","modified_gmt":"2025-11-13T16:12:32","slug":"3d-design-3d-druck-fuer-b2b-schmuckherstellung","status":"publish","type":"page","link":"https:\/\/root-production.de\/en\/3d-design-3d-druck-fuer-b2b-schmuckherstellung\/","title":{"rendered":"3D design &amp; 3D printing"},"content":{"rendered":"<div data-elementor-type=\"wp-page\" data-elementor-id=\"3984\" class=\"elementor elementor-3984\" data-elementor-post-type=\"page\">\n\t\t\t\t<div class=\"elementor-element elementor-element-6eac673 e-flex e-con-boxed e-con e-parent\" data-id=\"6eac673\" data-element_type=\"container\">\n\t\t\t\t\t<div class=\"e-con-inner\">\n\t\t<div class=\"elementor-element elementor-element-a2cc134 e-con-full e-flex e-con e-child\" data-id=\"a2cc134\" data-element_type=\"container\">\n\t\t\t\t<div class=\"elementor-element elementor-element-464d042 elementor-widget elementor-widget-text-editor\" data-id=\"464d042\" data-element_type=\"widget\" data-settings=\"{&quot;htmega_fe&quot;:&quot;no&quot;}\" data-widget_type=\"text-editor.default\">\n\t\t\t\t<div class=\"elementor-widget-container\">\n\t\t\t\t\t\t\t\t\t<h2 style=\"text-align: center;\">3D design &amp; 3D printing for B2B jewelry production<\/h2>\t\t\t\t\t\t\t\t<\/div>\n\t\t\t\t<\/div>\n\t\t\t\t<\/div>\n\t\t\t\t\t<\/div>\n\t\t\t\t<\/div>\n\t\t<div class=\"elementor-element elementor-element-51519ce e-flex e-con-boxed e-con e-parent\" data-id=\"51519ce\" data-element_type=\"container\">\n\t\t\t\t\t<div class=\"e-con-inner\">\n\t\t\t\t<div class=\"elementor-element elementor-element-601e80b elementor-widget elementor-widget-text-editor\" data-id=\"601e80b\" data-element_type=\"widget\" data-settings=\"{&quot;htmega_fe&quot;:&quot;no&quot;}\" data-widget_type=\"text-editor.default\">\n\t\t\t\t<div class=\"elementor-widget-container\">\n\t\t\t\t\t\t\t\t\t<p style=\"text-align: center;\">3D printing has revolutionized jewelry production and opens up completely new possibilities for designers, jewelers and jewelry manufacturers.<br>\nWith modern 3D design tools, complex designs can be planned precisely,<br>\nvisualize and optimize - even before the first physical model is created.<br>\nEven the most delicate structures and unusual shapes that would be difficult to realize using traditional methods,<br>\ncan thus be reliably implemented.<br><br>\n\nAt Root Production, we offer B2B customers both 3D design and 3D printing separately or in combination,<br>\nincluding high-precision wax printing with the modern FLASHFORGE WaxJet 510.<br><br>\n\nRegardless of whether you are planning prototypes, individual items or series production - we will accompany you from the digital conception<br>\nfrom the creation of print-ready models to preparation for casting processes or further processing.<br>\nThis saves you production time, reduces effort and allows you to unleash your creativity to the full,<br>\nwithout having to compromise on precision and quality.<br><br>\n\nOur service includes not only the technical implementation, but also advice on the design and optimization of your models.<br>\nEach project is individually tailored to the requirements of your company - for results that are technically flawless,<br>\nare of high quality craftsmanship and visually impressive.<br><br>\n\n<b><a href=\"https:\/\/root-production.de\/en\/kontakt\/\" class=\"gold-link\">Become a partner<\/a><\/b> from Root Production and use the latest 3D technologies to make your jewelry production more efficient, creative and precise. \n<\/p>\t\t\t\t\t\t\t\t<\/div>\n\t\t\t\t<\/div>\n\t\t\t\t\t<\/div>\n\t\t\t\t<\/div>\n\t\t<div class=\"elementor-element elementor-element-23c0357 e-flex e-con-boxed e-con e-parent\" data-id=\"23c0357\" data-element_type=\"container\">\n\t\t\t\t\t<div class=\"e-con-inner\">\n\t\t<div class=\"elementor-element elementor-element-28daac5 e-con-full e-flex e-con e-child\" data-id=\"28daac5\" data-element_type=\"container\">\n\t\t<div class=\"elementor-element elementor-element-656d1e2 e-con-full e-flex e-con e-child\" data-id=\"656d1e2\" data-element_type=\"container\">\n\t\t\t\t<div class=\"elementor-element elementor-element-21835fd elementor-widget elementor-widget-html\" data-id=\"21835fd\" data-element_type=\"widget\" data-settings=\"{&quot;htmega_fe&quot;:&quot;no&quot;}\" data-widget_type=\"html.default\">\n\t\t\t\t<div class=\"elementor-widget-container\">\n\t\t\t\t\t<div>\n    <div>\n      <img loading=\"lazy\" decoding=\"async\" src=\"https:\/\/root-production.de\/wp-content\/uploads\/2025\/10\/root_jewelery_3d_design_1a.jpg\" alt=\"\" class=\"collection-img\" width=\"800\" height=\"600\">\n    <\/div>\n<\/div>\t\t\t\t<\/div>\n\t\t\t\t<\/div>\n\t\t\t\t<\/div>\n\t\t<div class=\"elementor-element elementor-element-9f97606 e-con-full e-flex e-con e-child\" data-id=\"9f97606\" data-element_type=\"container\">\n\t\t\t\t<div class=\"elementor-element elementor-element-d596b0f elementor-widget elementor-widget-html\" data-id=\"d596b0f\" data-element_type=\"widget\" data-widget_type=\"html.default\">\n\t\t\t\t<div class=\"elementor-widget-container\">\n\t\t\t\t\t<div>\n    <div>\n      <img loading=\"lazy\" decoding=\"async\" src=\"https:\/\/root-production.de\/wp-content\/uploads\/2025\/10\/root_jewelery_3d_design_2.jpg\" alt=\"\" class=\"collection-img\" width=\"355\" height=\"533\">\n    <\/div>\n<\/div>\t\t\t\t<\/div>\n\t\t\t\t<\/div>\n\t\t\t\t<\/div>\n\t\t<div class=\"elementor-element elementor-element-833e3ab e-con-full e-flex e-con e-child\" data-id=\"833e3ab\" data-element_type=\"container\">\n\t\t\t\t<div class=\"elementor-element elementor-element-287c0d7 elementor-widget elementor-widget-html\" data-id=\"287c0d7\" data-element_type=\"widget\" data-settings=\"{&quot;htmega_fe&quot;:&quot;no&quot;}\" data-widget_type=\"html.default\">\n\t\t\t\t<div class=\"elementor-widget-container\">\n\t\t\t\t\t<div>\n    <div>\n      <img loading=\"lazy\" decoding=\"async\" src=\"https:\/\/root-production.de\/wp-content\/uploads\/2025\/10\/root_jewelery_3d_design_3.jpg\" alt=\"\" class=\"collection-img\" width=\"800\" height=\"600\">\n    <\/div>\n<\/div>\t\t\t\t<\/div>\n\t\t\t\t<\/div>\n\t\t\t\t<\/div>\n\t\t<div class=\"elementor-element elementor-element-c12feb4 e-con-full e-flex e-con e-child\" data-id=\"c12feb4\" data-element_type=\"container\">\n\t\t\t\t<div class=\"elementor-element elementor-element-13678bf elementor-widget elementor-widget-html\" data-id=\"13678bf\" data-element_type=\"widget\" data-settings=\"{&quot;htmega_fe&quot;:&quot;no&quot;}\" data-widget_type=\"html.default\">\n\t\t\t\t<div class=\"elementor-widget-container\">\n\t\t\t\t\t<div>\n    <div>\n      <img loading=\"lazy\" decoding=\"async\" src=\"https:\/\/root-production.de\/wp-content\/uploads\/2025\/10\/root_jewelery_3d_design_4.jpg\" alt=\"\" class=\"collection-img\" width=\"800\" height=\"600\">\n    <\/div>\n<\/div>\t\t\t\t<\/div>\n\t\t\t\t<\/div>\n\t\t\t\t<\/div>\n\t\t\t\t<\/div>\n\t\t\t\t\t<\/div>\n\t\t\t\t<\/div>\n\t\t\t\t<\/div>","protected":false},"excerpt":{"rendered":"<p>3D-Design &amp; 3D-Druck f\u00fcr B2B-Schmuckherstellung Der 3D-Druck hat die Schmuckherstellung revolutioniert und er\u00f6ffnet v\u00f6llig neue M\u00f6glichkeiten f\u00fcr Designer, Juweliere und Schmuckhersteller. Mit modernen 3D-Design-Tools lassen sich komplexe Entw\u00fcrfe pr\u00e4zise planen, visualisieren und optimieren \u2013 noch bevor das erste physische Modell entsteht. Selbst filigranste Strukturen und au\u00dfergew\u00f6hnliche Formen, die mit traditionellen Methoden schwer realisierbar w\u00e4ren, k\u00f6nnen [&hellip;]<\/p>","protected":false},"author":4,"featured_media":0,"parent":0,"menu_order":0,"comment_status":"closed","ping_status":"closed","template":"","meta":{"_monsterinsights_skip_tracking":false,"_monsterinsights_sitenote_active":false,"_monsterinsights_sitenote_note":"","_monsterinsights_sitenote_category":0,"site-sidebar-layout":"no-sidebar","site-content-layout":"page-builder","ast-site-content-layout":"full-width-container","site-content-style":"default","site-sidebar-style":"default","ast-global-header-display":"","ast-banner-title-visibility":"","ast-main-header-display":"","ast-hfb-above-header-display":"","ast-hfb-below-header-display":"","ast-hfb-mobile-header-display":"","site-post-title":"","ast-breadcrumbs-content":"","ast-featured-img":"disabled","footer-sml-layout":"","theme-transparent-header-meta":"","adv-header-id-meta":"","stick-header-meta":"","header-above-stick-meta":"","header-main-stick-meta":"","header-below-stick-meta":"","astra-migrate-meta-layouts":"set","ast-page-background-enabled":"default","ast-page-background-meta":{"desktop":{"background-color":"var(--ast-global-color-4)","background-image":"","background-repeat":"repeat","background-position":"center center","background-size":"auto","background-attachment":"scroll","background-type":"","background-media":"","overlay-type":"","overlay-color":"","overlay-opacity":"","overlay-gradient":""},"tablet":{"background-color":"","background-image":"","background-repeat":"repeat","background-position":"center center","background-size":"auto","background-attachment":"scroll","background-type":"","background-media":"","overlay-type":"","overlay-color":"","overlay-opacity":"","overlay-gradient":""},"mobile":{"background-color":"","background-image":"","background-repeat":"repeat","background-position":"center center","background-size":"auto","background-attachment":"scroll","background-type":"","background-media":"","overlay-type":"","overlay-color":"","overlay-opacity":"","overlay-gradient":""}},"ast-content-background-meta":{"desktop":{"background-color":"var(--ast-global-color-5)","background-image":"","background-repeat":"repeat","background-position":"center center","background-size":"auto","background-attachment":"scroll","background-type":"","background-media":"","overlay-type":"","overlay-color":"","overlay-opacity":"","overlay-gradient":""},"tablet":{"background-color":"var(--ast-global-color-5)","background-image":"","background-repeat":"repeat","background-position":"center center","background-size":"auto","background-attachment":"scroll","background-type":"","background-media":"","overlay-type":"","overlay-color":"","overlay-opacity":"","overlay-gradient":""},"mobile":{"background-color":"var(--ast-global-color-5)","background-image":"","background-repeat":"repeat","background-position":"center center","background-size":"auto","background-attachment":"scroll","background-type":"","background-media":"","overlay-type":"","overlay-color":"","overlay-opacity":"","overlay-gradient":""}},"footnotes":""},"class_list":["post-3984","page","type-page","status-publish","hentry"],"aioseo_notices":[],"_links":{"self":[{"href":"https:\/\/root-production.de\/en\/wp-json\/wp\/v2\/pages\/3984","targetHints":{"allow":["GET"]}}],"collection":[{"href":"https:\/\/root-production.de\/en\/wp-json\/wp\/v2\/pages"}],"about":[{"href":"https:\/\/root-production.de\/en\/wp-json\/wp\/v2\/types\/page"}],"author":[{"embeddable":true,"href":"https:\/\/root-production.de\/en\/wp-json\/wp\/v2\/users\/4"}],"replies":[{"embeddable":true,"href":"https:\/\/root-production.de\/en\/wp-json\/wp\/v2\/comments?post=3984"}],"version-history":[{"count":20,"href":"https:\/\/root-production.de\/en\/wp-json\/wp\/v2\/pages\/3984\/revisions"}],"predecessor-version":[{"id":4575,"href":"https:\/\/root-production.de\/en\/wp-json\/wp\/v2\/pages\/3984\/revisions\/4575"}],"wp:attachment":[{"href":"https:\/\/root-production.de\/en\/wp-json\/wp\/v2\/media?parent=3984"}],"curies":[{"name":"wp","href":"https:\/\/api.w.org\/{rel}","templated":true}]}}