{"id":4026,"date":"2025-10-28T21:57:15","date_gmt":"2025-10-28T20:57:15","guid":{"rendered":"https:\/\/root-production.de\/?page_id=4026"},"modified":"2025-11-13T17:16:02","modified_gmt":"2025-11-13T16:16:02","slug":"praezise-fassarbeiten","status":"publish","type":"page","link":"https:\/\/root-production.de\/en\/praezise-fassarbeiten\/","title":{"rendered":"Precise barrel work"},"content":{"rendered":"<div data-elementor-type=\"wp-page\" data-elementor-id=\"4026\" class=\"elementor elementor-4026\" data-elementor-post-type=\"page\">\n\t\t\t\t<div class=\"elementor-element elementor-element-6eac673 e-flex e-con-boxed e-con e-parent\" data-id=\"6eac673\" data-element_type=\"container\">\n\t\t\t\t\t<div class=\"e-con-inner\">\n\t\t<div class=\"elementor-element elementor-element-a2cc134 e-con-full e-flex e-con e-child\" data-id=\"a2cc134\" data-element_type=\"container\">\n\t\t\t\t<div class=\"elementor-element elementor-element-464d042 elementor-widget elementor-widget-text-editor\" data-id=\"464d042\" data-element_type=\"widget\" data-settings=\"{&quot;htmega_fe&quot;:&quot;no&quot;}\" data-widget_type=\"text-editor.default\">\n\t\t\t\t<div class=\"elementor-widget-container\">\n\t\t\t\t\t\t\t\t\t<h2 style=\"text-align: center;\">Precise setting work under the microscope for B2B jewelry production<\/h2>\t\t\t\t\t\t\t\t<\/div>\n\t\t\t\t<\/div>\n\t\t\t\t<\/div>\n\t\t\t\t\t<\/div>\n\t\t\t\t<\/div>\n\t\t<div class=\"elementor-element elementor-element-51519ce e-flex e-con-boxed e-con e-parent\" data-id=\"51519ce\" data-element_type=\"container\">\n\t\t\t\t\t<div class=\"e-con-inner\">\n\t\t\t\t<div class=\"elementor-element elementor-element-601e80b elementor-widget elementor-widget-text-editor\" data-id=\"601e80b\" data-element_type=\"widget\" data-settings=\"{&quot;htmega_fe&quot;:&quot;no&quot;}\" data-widget_type=\"text-editor.default\">\n\t\t\t\t<div class=\"elementor-widget-container\">\n\t\t\t\t\t\t\t\t\t<p style=\"text-align: center;\">\nRoot Production offers professional barrel work under the microscope for B2B customers - for all those who work in the<br>\nJewelry making of greatest value<br>\nprecision, attention to detail and quality.<br><br>\n\n\nWhy barrel work under the microscope?<br>\nWorking under the microscope makes it possible to set gemstones extremely precisely and carefully - even the smallest ones.<br>\nor the most delicate stones. This technique offers numerous advantages for sophisticated jewelry projects.\n<\/p>\t\t\t\t\t\t\t\t<\/div>\n\t\t\t\t<\/div>\n\t\t<div class=\"elementor-element elementor-element-23c0357 e-con-full e-flex e-con e-child\" data-id=\"23c0357\" data-element_type=\"container\">\n\t\t<div class=\"elementor-element elementor-element-28daac5 e-con-full e-flex e-con e-child\" data-id=\"28daac5\" data-element_type=\"container\">\n\t\t<div class=\"elementor-element elementor-element-656d1e2 e-con-full e-flex e-con e-child\" data-id=\"656d1e2\" data-element_type=\"container\">\n\t\t\t\t<div class=\"elementor-element elementor-element-21835fd elementor-widget elementor-widget-html\" data-id=\"21835fd\" data-element_type=\"widget\" data-settings=\"{&quot;htmega_fe&quot;:&quot;no&quot;}\" data-widget_type=\"html.default\">\n\t\t\t\t<div class=\"elementor-widget-container\">\n\t\t\t\t\t<div>\n    <div>\n      <img loading=\"lazy\" decoding=\"async\" src=\"https:\/\/root-production.de\/wp-content\/uploads\/2025\/10\/root_jewelry_fassarbeiten_1.jpg\" alt=\"\" class=\"collection-img\" width=\"800\" height=\"533\">\n    <\/div>\n<\/div>\t\t\t\t<\/div>\n\t\t\t\t<\/div>\n\t\t\t\t<\/div>\n\t\t<div class=\"elementor-element elementor-element-9f97606 e-con-full e-flex e-con e-child\" data-id=\"9f97606\" data-element_type=\"container\">\n\t\t\t\t<div class=\"elementor-element elementor-element-d596b0f elementor-widget elementor-widget-html\" data-id=\"d596b0f\" data-element_type=\"widget\" data-settings=\"{&quot;htmega_fe&quot;:&quot;no&quot;}\" data-widget_type=\"html.default\">\n\t\t\t\t<div class=\"elementor-widget-container\">\n\t\t\t\t\t<div>\n    <div>\n      <img loading=\"lazy\" decoding=\"async\" src=\"https:\/\/root-production.de\/wp-content\/uploads\/2025\/10\/root_jewelry_fassarbeiten_2.jpg\" alt=\"\" class=\"collection-img\" width=\"800\" height=\"533\">\n    <\/div>\n<\/div>\t\t\t\t<\/div>\n\t\t\t\t<\/div>\n\t\t\t\t<\/div>\n\t\t<div class=\"elementor-element elementor-element-833e3ab e-con-full e-flex e-con e-child\" data-id=\"833e3ab\" data-element_type=\"container\">\n\t\t\t\t<div class=\"elementor-element elementor-element-287c0d7 elementor-widget elementor-widget-html\" data-id=\"287c0d7\" data-element_type=\"widget\" data-settings=\"{&quot;htmega_fe&quot;:&quot;no&quot;}\" data-widget_type=\"html.default\">\n\t\t\t\t<div class=\"elementor-widget-container\">\n\t\t\t\t\t<div>\n    <div>\n      <img loading=\"lazy\" decoding=\"async\" src=\"https:\/\/root-production.de\/wp-content\/uploads\/2025\/10\/root_jewelry_fassarbeiten_3.jpg\" alt=\"\" class=\"collection-img\" width=\"800\" height=\"533\">\n    <\/div>\n<\/div>\t\t\t\t<\/div>\n\t\t\t\t<\/div>\n\t\t\t\t<\/div>\n\t\t\t\t<\/div>\n\t\t\t\t<\/div>\n\t\t\t\t<div class=\"elementor-element elementor-element-2bfc729 elementor-widget elementor-widget-text-editor\" data-id=\"2bfc729\" data-element_type=\"widget\" data-settings=\"{&quot;htmega_fe&quot;:&quot;no&quot;}\" data-widget_type=\"text-editor.default\">\n\t\t\t\t<div class=\"elementor-widget-container\">\n\t\t\t\t\t\t\t\t\t<p style=\"text-align: center;\">\n<b>Unsurpassed precision:<\/b><br>\nEach gemstone is set with the utmost precision,<br>\nfor perfect results with filigree designs.<br><br>\n\n\n<b>Flawless placement:<\/b><br>\nPrecise positioning of the stones guarantees safe,<br>\naesthetic frames.<br><br>\n\n\n<b>Preservation of material integrity:<\/b><br>\nThe risk of damage to gemstones and metal is minimized,<br>\nso that the quality of the piece of jewelry is maintained.<br><br>\n\n\n<b>Highest attention to detail:<\/b><br>Complex and sophisticated jewelry designs<br>\ncan be reliably implemented, which is often difficult with conventional techniques.\n<\/p>\t\t\t\t\t\t\t\t<\/div>\n\t\t\t\t<\/div>\n\t\t<div class=\"elementor-element elementor-element-11a9057 e-con-full e-flex e-con e-child\" data-id=\"11a9057\" data-element_type=\"container\">\n\t\t<div class=\"elementor-element elementor-element-42e3d69 e-con-full e-flex e-con e-child\" data-id=\"42e3d69\" data-element_type=\"container\">\n\t\t<div class=\"elementor-element elementor-element-f94427c e-con-full e-flex e-con e-child\" data-id=\"f94427c\" data-element_type=\"container\">\n\t\t\t\t<div class=\"elementor-element elementor-element-79d6be4 elementor-widget elementor-widget-html\" data-id=\"79d6be4\" data-element_type=\"widget\" data-settings=\"{&quot;htmega_fe&quot;:&quot;no&quot;}\" data-widget_type=\"html.default\">\n\t\t\t\t<div class=\"elementor-widget-container\">\n\t\t\t\t\t<div>\n    <div>\n      <img loading=\"lazy\" decoding=\"async\" src=\"https:\/\/root-production.de\/wp-content\/uploads\/2025\/10\/root_jewelry_fassarbeiten_4.jpg\" alt=\"\" class=\"collection-img\" width=\"800\" height=\"533\">\n    <\/div>\n<\/div>\t\t\t\t<\/div>\n\t\t\t\t<\/div>\n\t\t\t\t<\/div>\n\t\t<div class=\"elementor-element elementor-element-a796472 e-con-full e-flex e-con e-child\" data-id=\"a796472\" data-element_type=\"container\">\n\t\t\t\t<div class=\"elementor-element elementor-element-166e1b3 elementor-widget elementor-widget-html\" data-id=\"166e1b3\" data-element_type=\"widget\" data-settings=\"{&quot;htmega_fe&quot;:&quot;no&quot;}\" data-widget_type=\"html.default\">\n\t\t\t\t<div class=\"elementor-widget-container\">\n\t\t\t\t\t<div>\n    <div>\n      <img loading=\"lazy\" decoding=\"async\" src=\"https:\/\/root-production.de\/wp-content\/uploads\/2025\/10\/root_jewelry_fassarbeiten_5.jpg\" alt=\"\" class=\"collection-img\" width=\"800\" height=\"533\">\n    <\/div>\n<\/div>\t\t\t\t<\/div>\n\t\t\t\t<\/div>\n\t\t\t\t<\/div>\n\t\t<div class=\"elementor-element elementor-element-f53946a e-con-full e-flex e-con e-child\" data-id=\"f53946a\" data-element_type=\"container\">\n\t\t\t\t<div class=\"elementor-element elementor-element-2b55bfe elementor-widget elementor-widget-html\" data-id=\"2b55bfe\" data-element_type=\"widget\" data-settings=\"{&quot;htmega_fe&quot;:&quot;no&quot;}\" data-widget_type=\"html.default\">\n\t\t\t\t<div class=\"elementor-widget-container\">\n\t\t\t\t\t<div>\n    <div>\n      <img loading=\"lazy\" decoding=\"async\" src=\"https:\/\/root-production.de\/wp-content\/uploads\/2025\/10\/root_jewelry_fassarbeiten_6.jpg\" alt=\"\" class=\"collection-img\" width=\"800\" height=\"533\">\n    <\/div>\n<\/div>\t\t\t\t<\/div>\n\t\t\t\t<\/div>\n\t\t\t\t<\/div>\n\t\t\t\t<\/div>\n\t\t\t\t<\/div>\n\t\t\t\t<div class=\"elementor-element elementor-element-648667e elementor-widget elementor-widget-text-editor\" data-id=\"648667e\" data-element_type=\"widget\" data-settings=\"{&quot;htmega_fe&quot;:&quot;no&quot;}\" data-widget_type=\"text-editor.default\">\n\t\t\t\t<div class=\"elementor-widget-container\">\n\t\t\t\t\t\t\t\t\t<p style=\"text-align: center;\">\n With Root Production, B2B customers benefit from state-of-the-art microscope technology,<br>\nexperienced goldsmiths and precise craftsmanship.<br><br>\n\nWe implement your creative visions professionally, save production time and take the pressure off your team.<br>\nfor pieces of jewelry that are technically flawless and visually impressive.<br><br>\n\nTake today <b><a href=\"https:\/\/root-production.de\/en\/kontakt\/\" class=\"gold-link\">Contact us<\/a><\/b> to find out more about our setting work under the microscope and to discuss individual solutions for your jewelry production. \n<\/p>\t\t\t\t\t\t\t\t<\/div>\n\t\t\t\t<\/div>\n\t\t\t\t\t<\/div>\n\t\t\t\t<\/div>\n\t\t\t\t<\/div>","protected":false},"excerpt":{"rendered":"<p>Pr\u00e4zise Fassarbeiten unter dem Mikroskop f\u00fcr B2B-Schmuckherstellung Root Production bietet professionelle Fassarbeiten unter dem Mikroskop f\u00fcr B2B-Kunden &#8211; f\u00fcr alle, die in der Schmuckherstellung gr\u00f6\u00dften Wert auf Pr\u00e4zision, Detailgenauigkeit und Qualit\u00e4t legen. Warum Fassarbeiten unter dem Mikroskop? Die Arbeit unter dem Mikroskop erm\u00f6glicht es, Edelsteine extrem pr\u00e4zise und sorgf\u00e4ltig zu fassen &#8211; selbst bei kleinsten [&hellip;]<\/p>","protected":false},"author":4,"featured_media":0,"parent":0,"menu_order":0,"comment_status":"closed","ping_status":"closed","template":"","meta":{"_monsterinsights_skip_tracking":false,"_monsterinsights_sitenote_active":false,"_monsterinsights_sitenote_note":"","_monsterinsights_sitenote_category":0,"site-sidebar-layout":"no-sidebar","site-content-layout":"page-builder","ast-site-content-layout":"full-width-container","site-content-style":"default","site-sidebar-style":"default","ast-global-header-display":"","ast-banner-title-visibility":"","ast-main-header-display":"","ast-hfb-above-header-display":"","ast-hfb-below-header-display":"","ast-hfb-mobile-header-display":"","site-post-title":"","ast-breadcrumbs-content":"","ast-featured-img":"disabled","footer-sml-layout":"","theme-transparent-header-meta":"","adv-header-id-meta":"","stick-header-meta":"","header-above-stick-meta":"","header-main-stick-meta":"","header-below-stick-meta":"","astra-migrate-meta-layouts":"set","ast-page-background-enabled":"default","ast-page-background-meta":{"desktop":{"background-color":"var(--ast-global-color-4)","background-image":"","background-repeat":"repeat","background-position":"center center","background-size":"auto","background-attachment":"scroll","background-type":"","background-media":"","overlay-type":"","overlay-color":"","overlay-opacity":"","overlay-gradient":""},"tablet":{"background-color":"","background-image":"","background-repeat":"repeat","background-position":"center center","background-size":"auto","background-attachment":"scroll","background-type":"","background-media":"","overlay-type":"","overlay-color":"","overlay-opacity":"","overlay-gradient":""},"mobile":{"background-color":"","background-image":"","background-repeat":"repeat","background-position":"center center","background-size":"auto","background-attachment":"scroll","background-type":"","background-media":"","overlay-type":"","overlay-color":"","overlay-opacity":"","overlay-gradient":""}},"ast-content-background-meta":{"desktop":{"background-color":"var(--ast-global-color-5)","background-image":"","background-repeat":"repeat","background-position":"center center","background-size":"auto","background-attachment":"scroll","background-type":"","background-media":"","overlay-type":"","overlay-color":"","overlay-opacity":"","overlay-gradient":""},"tablet":{"background-color":"var(--ast-global-color-5)","background-image":"","background-repeat":"repeat","background-position":"center center","background-size":"auto","background-attachment":"scroll","background-type":"","background-media":"","overlay-type":"","overlay-color":"","overlay-opacity":"","overlay-gradient":""},"mobile":{"background-color":"var(--ast-global-color-5)","background-image":"","background-repeat":"repeat","background-position":"center center","background-size":"auto","background-attachment":"scroll","background-type":"","background-media":"","overlay-type":"","overlay-color":"","overlay-opacity":"","overlay-gradient":""}},"footnotes":""},"class_list":["post-4026","page","type-page","status-publish","hentry"],"aioseo_notices":[],"_links":{"self":[{"href":"https:\/\/root-production.de\/en\/wp-json\/wp\/v2\/pages\/4026","targetHints":{"allow":["GET"]}}],"collection":[{"href":"https:\/\/root-production.de\/en\/wp-json\/wp\/v2\/pages"}],"about":[{"href":"https:\/\/root-production.de\/en\/wp-json\/wp\/v2\/types\/page"}],"author":[{"embeddable":true,"href":"https:\/\/root-production.de\/en\/wp-json\/wp\/v2\/users\/4"}],"replies":[{"embeddable":true,"href":"https:\/\/root-production.de\/en\/wp-json\/wp\/v2\/comments?post=4026"}],"version-history":[{"count":13,"href":"https:\/\/root-production.de\/en\/wp-json\/wp\/v2\/pages\/4026\/revisions"}],"predecessor-version":[{"id":4591,"href":"https:\/\/root-production.de\/en\/wp-json\/wp\/v2\/pages\/4026\/revisions\/4591"}],"wp:attachment":[{"href":"https:\/\/root-production.de\/en\/wp-json\/wp\/v2\/media?parent=4026"}],"curies":[{"name":"wp","href":"https:\/\/api.w.org\/{rel}","templated":true}]}}