{"id":4043,"date":"2025-10-29T01:05:31","date_gmt":"2025-10-29T00:05:31","guid":{"rendered":"https:\/\/root-production.de\/?page_id=4043"},"modified":"2025-11-13T17:13:15","modified_gmt":"2025-11-13T16:13:15","slug":"schmuckguss","status":"publish","type":"page","link":"https:\/\/root-production.de\/en\/schmuckguss\/","title":{"rendered":"Jewelry casting"},"content":{"rendered":"<div data-elementor-type=\"wp-page\" data-elementor-id=\"4043\" class=\"elementor elementor-4043\" data-elementor-post-type=\"page\">\n\t\t\t\t<div class=\"elementor-element elementor-element-6eac673 e-flex e-con-boxed e-con e-parent\" data-id=\"6eac673\" data-element_type=\"container\">\n\t\t\t\t\t<div class=\"e-con-inner\">\n\t\t<div class=\"elementor-element elementor-element-a2cc134 e-con-full e-flex e-con e-child\" data-id=\"a2cc134\" data-element_type=\"container\">\n\t\t\t\t<div class=\"elementor-element elementor-element-464d042 elementor-widget elementor-widget-text-editor\" data-id=\"464d042\" data-element_type=\"widget\" data-settings=\"{&quot;htmega_fe&quot;:&quot;no&quot;}\" data-widget_type=\"text-editor.default\">\n\t\t\t\t<div class=\"elementor-widget-container\">\n\t\t\t\t\t\t\t\t\t<h2 style=\"text-align: center;\">Jewelry casting in series and custom-made products for B2B customers<\/h2>\t\t\t\t\t\t\t\t<\/div>\n\t\t\t\t<\/div>\n\t\t\t\t<\/div>\n\t\t\t\t\t<\/div>\n\t\t\t\t<\/div>\n\t\t<div class=\"elementor-element elementor-element-51519ce e-flex e-con-boxed e-con e-parent\" data-id=\"51519ce\" data-element_type=\"container\">\n\t\t\t\t\t<div class=\"e-con-inner\">\n\t\t\t\t<div class=\"elementor-element elementor-element-601e80b elementor-widget elementor-widget-text-editor\" data-id=\"601e80b\" data-element_type=\"widget\" data-settings=\"{&quot;htmega_fe&quot;:&quot;no&quot;}\" data-widget_type=\"text-editor.default\">\n\t\t\t\t<div class=\"elementor-widget-container\">\n\t\t\t\t\t\t\t\t\t<p style=\"text-align: center;\">Root Production is your experienced partner for jewelry casting in series<br>\nas well as for exclusive custom-made products and prototypes. <br>\nWhether for the efficient production of large quantities or the precise implementation of individual design ideas. <br>\nWe offer you customized solutions that do not compromise on quality and precision. <br>\nWe also support you with expert material and design advice in order to realize your jewelry projects in the best possible way. <br><br>\n\nOur jewelry casting is traditionally done by hand using the proven investment casting process with a lost mold: <br>\nThe jewelry model is first made from wax and then embedded in a heat-resistant investment. <br>\nAfter melting out the wax, a precise hollow mold is created, which is poured once with liquid precious metal. <br>\nThis process guarantees maximum attention to detail, filigree structures and a dimensionally stable realization of your designs <br>- whether a single piece or a series.\n<\/p>\t\t\t\t\t\t\t\t<\/div>\n\t\t\t\t<\/div>\n\t\t<div class=\"elementor-element elementor-element-23c0357 e-con-full e-flex e-con e-child\" data-id=\"23c0357\" data-element_type=\"container\">\n\t\t<div class=\"elementor-element elementor-element-28daac5 e-con-full e-flex e-con e-child\" data-id=\"28daac5\" data-element_type=\"container\">\n\t\t<div class=\"elementor-element elementor-element-656d1e2 e-con-full e-flex e-con e-child\" data-id=\"656d1e2\" data-element_type=\"container\">\n\t\t\t\t<div class=\"elementor-element elementor-element-21835fd elementor-widget elementor-widget-html\" data-id=\"21835fd\" data-element_type=\"widget\" data-settings=\"{&quot;htmega_fe&quot;:&quot;no&quot;}\" data-widget_type=\"html.default\">\n\t\t\t\t<div class=\"elementor-widget-container\">\n\t\t\t\t\t<div>\n    <div>\n      <img loading=\"lazy\" decoding=\"async\" src=\"https:\/\/root-production.de\/wp-content\/uploads\/2025\/10\/root_jewelery_schmuckguss_1.jpg\" alt=\"\" class=\"collection-img\" width=\"800\" height=\"1200\">\n    <\/div>\n<\/div>\t\t\t\t<\/div>\n\t\t\t\t<\/div>\n\t\t\t\t<\/div>\n\t\t<div class=\"elementor-element elementor-element-9f97606 e-con-full e-flex e-con e-child\" data-id=\"9f97606\" data-element_type=\"container\">\n\t\t\t\t<div class=\"elementor-element elementor-element-d596b0f elementor-widget elementor-widget-html\" data-id=\"d596b0f\" data-element_type=\"widget\" data-settings=\"{&quot;htmega_fe&quot;:&quot;no&quot;}\" data-widget_type=\"html.default\">\n\t\t\t\t<div class=\"elementor-widget-container\">\n\t\t\t\t\t<div>\n    <div>\n      <img loading=\"lazy\" decoding=\"async\" src=\"https:\/\/root-production.de\/wp-content\/uploads\/2025\/10\/root_jewelery_schmuckguss_2.jpg\" alt=\"\" class=\"collection-img\" width=\"800\" height=\"1200\">\n    <\/div>\n<\/div>\t\t\t\t<\/div>\n\t\t\t\t<\/div>\n\t\t\t\t<\/div>\n\t\t<div class=\"elementor-element elementor-element-833e3ab e-con-full e-flex e-con e-child\" data-id=\"833e3ab\" data-element_type=\"container\">\n\t\t\t\t<div class=\"elementor-element elementor-element-287c0d7 elementor-widget elementor-widget-html\" data-id=\"287c0d7\" data-element_type=\"widget\" data-settings=\"{&quot;htmega_fe&quot;:&quot;no&quot;}\" data-widget_type=\"html.default\">\n\t\t\t\t<div class=\"elementor-widget-container\">\n\t\t\t\t\t<div>\n    <div>\n      <img loading=\"lazy\" decoding=\"async\" src=\"https:\/\/root-production.de\/wp-content\/uploads\/2025\/10\/root_jewelery_schmuckguss_3.jpg\" alt=\"\" class=\"collection-img\" width=\"800\" height=\"1200\">\n    <\/div>\n<\/div>\t\t\t\t<\/div>\n\t\t\t\t<\/div>\n\t\t\t\t<\/div>\n\t\t<div class=\"elementor-element elementor-element-068b1fb e-con-full e-flex e-con e-child\" data-id=\"068b1fb\" data-element_type=\"container\">\n\t\t\t\t<div class=\"elementor-element elementor-element-ca13367 elementor-widget elementor-widget-html\" data-id=\"ca13367\" data-element_type=\"widget\" data-settings=\"{&quot;htmega_fe&quot;:&quot;no&quot;}\" data-widget_type=\"html.default\">\n\t\t\t\t<div class=\"elementor-widget-container\">\n\t\t\t\t\t<div>\n    <div>\n      <img loading=\"lazy\" decoding=\"async\" src=\"https:\/\/root-production.de\/wp-content\/uploads\/2025\/10\/root_jewelery_schmuckguss_4.jpg\" alt=\"\" class=\"collection-img\" width=\"800\" height=\"1200\">\n    <\/div>\n<\/div>\t\t\t\t<\/div>\n\t\t\t\t<\/div>\n\t\t\t\t<\/div>\n\t\t\t\t<\/div>\n\t\t\t\t<\/div>\n\t\t\t\t<div class=\"elementor-element elementor-element-4c7cc9f elementor-widget elementor-widget-text-editor\" data-id=\"4c7cc9f\" data-element_type=\"widget\" data-settings=\"{&quot;htmega_fe&quot;:&quot;no&quot;}\" data-widget_type=\"text-editor.default\">\n\t\t\t\t<div class=\"elementor-widget-container\">\n\t\t\t\t\t\t\t\t\t<p style=\"text-align: center;\">The advantages of our cast jewelry production:<\/p>\n\n<ul>\n \t<li>Consistent quality and attention to detail with every production batch - ideal for brands with the highest demands<\/li>\n \t<li>Fast, cost-efficient series production to accelerate your market launch<\/li>\n \t<li>Precise implementation of even complex and intricate designs<\/li>\n \t<li>Processing of a wide variety of materials made from different metals and alloys, tailored to your requirements<\/li>\n<\/ul>\n<p style=\"text-align: center;\">With Root Production, you benefit from state-of-the-art technology and experienced goldsmiths,<br>\nwho implement your projects reliably, efficiently and with attention to detail - whether small series, one-off production or prototype.<br><br>\n\n\nTake now <b><a href=\"https:\/\/root-production.de\/en\/kontakt\/\" class=\"gold-link\">Contact us<\/a><\/b> to produce your jewelry with high-quality, traditional castings.<br>\nto a new level of quality.<\/p>\t\t\t\t\t\t\t\t<\/div>\n\t\t\t\t<\/div>\n\t\t\t\t\t<\/div>\n\t\t\t\t<\/div>\n\t\t\t\t<\/div>","protected":false},"excerpt":{"rendered":"<p>Schmuckguss in Serie und Einzelanfertigungen f\u00fcr B2B-Kunden Root Production ist Ihr erfahrener Partner f\u00fcr Schmuckguss in Serie sowie f\u00fcr exklusive Einzelanfertigungen und Prototypen. Ob zur effizienten Herstellung gro\u00dfer Mengen oder zur pr\u00e4zisen Umsetzung individueller Designideen. Wir bieten Ihnen ma\u00dfgeschneiderte L\u00f6sungen, die keine Kompromisse bei Qualit\u00e4t und Pr\u00e4zision eingehen. Dabei unterst\u00fctzen wir Sie auch mit fachkundiger [&hellip;]<\/p>","protected":false},"author":4,"featured_media":0,"parent":0,"menu_order":0,"comment_status":"closed","ping_status":"closed","template":"","meta":{"_monsterinsights_skip_tracking":false,"_monsterinsights_sitenote_active":false,"_monsterinsights_sitenote_note":"","_monsterinsights_sitenote_category":0,"site-sidebar-layout":"no-sidebar","site-content-layout":"page-builder","ast-site-content-layout":"full-width-container","site-content-style":"default","site-sidebar-style":"default","ast-global-header-display":"","ast-banner-title-visibility":"","ast-main-header-display":"","ast-hfb-above-header-display":"","ast-hfb-below-header-display":"","ast-hfb-mobile-header-display":"","site-post-title":"","ast-breadcrumbs-content":"","ast-featured-img":"disabled","footer-sml-layout":"","theme-transparent-header-meta":"","adv-header-id-meta":"","stick-header-meta":"","header-above-stick-meta":"","header-main-stick-meta":"","header-below-stick-meta":"","astra-migrate-meta-layouts":"set","ast-page-background-enabled":"default","ast-page-background-meta":{"desktop":{"background-color":"var(--ast-global-color-4)","background-image":"","background-repeat":"repeat","background-position":"center center","background-size":"auto","background-attachment":"scroll","background-type":"","background-media":"","overlay-type":"","overlay-color":"","overlay-opacity":"","overlay-gradient":""},"tablet":{"background-color":"","background-image":"","background-repeat":"repeat","background-position":"center center","background-size":"auto","background-attachment":"scroll","background-type":"","background-media":"","overlay-type":"","overlay-color":"","overlay-opacity":"","overlay-gradient":""},"mobile":{"background-color":"","background-image":"","background-repeat":"repeat","background-position":"center center","background-size":"auto","background-attachment":"scroll","background-type":"","background-media":"","overlay-type":"","overlay-color":"","overlay-opacity":"","overlay-gradient":""}},"ast-content-background-meta":{"desktop":{"background-color":"var(--ast-global-color-5)","background-image":"","background-repeat":"repeat","background-position":"center center","background-size":"auto","background-attachment":"scroll","background-type":"","background-media":"","overlay-type":"","overlay-color":"","overlay-opacity":"","overlay-gradient":""},"tablet":{"background-color":"var(--ast-global-color-5)","background-image":"","background-repeat":"repeat","background-position":"center center","background-size":"auto","background-attachment":"scroll","background-type":"","background-media":"","overlay-type":"","overlay-color":"","overlay-opacity":"","overlay-gradient":""},"mobile":{"background-color":"var(--ast-global-color-5)","background-image":"","background-repeat":"repeat","background-position":"center center","background-size":"auto","background-attachment":"scroll","background-type":"","background-media":"","overlay-type":"","overlay-color":"","overlay-opacity":"","overlay-gradient":""}},"footnotes":""},"class_list":["post-4043","page","type-page","status-publish","hentry"],"aioseo_notices":[],"_links":{"self":[{"href":"https:\/\/root-production.de\/en\/wp-json\/wp\/v2\/pages\/4043","targetHints":{"allow":["GET"]}}],"collection":[{"href":"https:\/\/root-production.de\/en\/wp-json\/wp\/v2\/pages"}],"about":[{"href":"https:\/\/root-production.de\/en\/wp-json\/wp\/v2\/types\/page"}],"author":[{"embeddable":true,"href":"https:\/\/root-production.de\/en\/wp-json\/wp\/v2\/users\/4"}],"replies":[{"embeddable":true,"href":"https:\/\/root-production.de\/en\/wp-json\/wp\/v2\/comments?post=4043"}],"version-history":[{"count":13,"href":"https:\/\/root-production.de\/en\/wp-json\/wp\/v2\/pages\/4043\/revisions"}],"predecessor-version":[{"id":4578,"href":"https:\/\/root-production.de\/en\/wp-json\/wp\/v2\/pages\/4043\/revisions\/4578"}],"wp:attachment":[{"href":"https:\/\/root-production.de\/en\/wp-json\/wp\/v2\/media?parent=4043"}],"curies":[{"name":"wp","href":"https:\/\/api.w.org\/{rel}","templated":true}]}}